{"id":106,"date":"2024-07-25T09:33:07","date_gmt":"2024-07-25T09:33:07","guid":{"rendered":"http:\/\/Atresmarketing"},"modified":"2025-02-12T12:33:12","modified_gmt":"2025-02-12T12:33:12","slug":"mi-cuenta","status":"publish","type":"page","link":"https:\/\/noropal.es\/home\/mi-cuenta\/","title":{"rendered":"Mi cuenta"},"content":{"rendered":"\t\t<div data-elementor-type=\"wp-page\" data-elementor-id=\"106\" class=\"elementor elementor-106\" data-elementor-post-type=\"page\">\n\t\t\t\t<div class=\"elementor-element elementor-element-61878d1 e-flex e-con-boxed e-con e-parent\" data-id=\"61878d1\" data-element_type=\"container\">\n\t\t\t\t\t<div class=\"e-con-inner\">\n\t\t\t\t<div class=\"elementor-element elementor-element-6ad0704 elementor-widget elementor-widget-heading\" data-id=\"6ad0704\" data-element_type=\"widget\" data-widget_type=\"heading.default\">\n\t\t\t\t<div class=\"elementor-widget-container\">\n\t\t\t\t\t<h2 class=\"elementor-heading-title elementor-size-default\">Mi cuenta<\/h2>\t\t\t\t<\/div>\n\t\t\t\t<\/div>\n\t\t\t\t<div class=\"elementor-element elementor-element-1e1bd07 e-my-account-tabs-vertical elementor-widget elementor-widget-woocommerce-my-account\" data-id=\"1e1bd07\" data-element_type=\"widget\" data-widget_type=\"woocommerce-my-account.default\">\n\t\t\t\t<div class=\"elementor-widget-container\">\n\t\t\t\t\t<div class=\"e-my-account-tab e-my-account-tab__ \">\t\t\t<div class=\"woocommerce\"><\/div>\t\t<\/div>\n\t\t\t\t\t\t<\/div>\n\t\t\t\t<\/div>\n\t\t\t\t\t<\/div>\n\t\t\t\t<\/div>\n\t\t\t\t<\/div>\n\t\t","protected":false},"excerpt":{"rendered":"<p>Mi cuenta Escritorio Pedidos Descargas Direcciones Detalles de la cuenta Cerrar sesi\u00f3n Hola admin (\u00bfno eres admin? Cerrar sesi\u00f3n) Desde el escritorio de tu cuenta puedes ver tus pedidos recientes, gestionar tus direcciones de env\u00edo y facturaci\u00f3n y editar tu contrase\u00f1a y los detalles de tu cuenta.<\/p>\n","protected":false},"author":1,"featured_media":0,"parent":0,"menu_order":0,"comment_status":"closed","ping_status":"closed","template":"","meta":{"footnotes":""},"class_list":["post-106","page","type-page","status-publish","hentry"],"yoast_head":"<!-- This site is optimized with the Yoast SEO plugin v25.6 - https:\/\/yoast.com\/wordpress\/plugins\/seo\/ -->\n<title>Mi cuenta - Noropal<\/title>\n<meta name=\"robots\" content=\"index, follow, max-snippet:-1, max-image-preview:large, max-video-preview:-1\" \/>\n<link rel=\"canonical\" href=\"https:\/\/noropal.es\/home\/mi-cuenta\/\" \/>\n<meta property=\"og:locale\" content=\"es_ES\" \/>\n<meta property=\"og:type\" content=\"article\" \/>\n<meta property=\"og:title\" content=\"Mi cuenta - Noropal\" \/>\n<meta property=\"og:description\" content=\"Mi cuenta Escritorio Pedidos Descargas Direcciones Detalles de la cuenta Cerrar sesi\u00f3n Hola admin (\u00bfno eres admin? Cerrar sesi\u00f3n) Desde el escritorio de tu cuenta puedes ver tus pedidos recientes, gestionar tus direcciones de env\u00edo y facturaci\u00f3n y editar tu contrase\u00f1a y los detalles de tu cuenta.\" \/>\n<meta property=\"og:url\" content=\"https:\/\/noropal.es\/home\/mi-cuenta\/\" \/>\n<meta property=\"og:site_name\" content=\"Noropal\" \/>\n<meta property=\"article:modified_time\" content=\"2025-02-12T12:33:12+00:00\" \/>\n<meta name=\"twitter:card\" content=\"summary_large_image\" \/>\n<meta name=\"twitter:label1\" content=\"Tiempo de lectura\" \/>\n\t<meta name=\"twitter:data1\" content=\"1 minuto\" \/>\n<script type=\"application\/ld+json\" class=\"yoast-schema-graph\">{\"@context\":\"https:\/\/schema.org\",\"@graph\":[{\"@type\":\"WebPage\",\"@id\":\"https:\/\/noropal.es\/home\/mi-cuenta\/\",\"url\":\"https:\/\/noropal.es\/home\/mi-cuenta\/\",\"name\":\"Mi cuenta - Noropal\",\"isPartOf\":{\"@id\":\"https:\/\/noropal.es\/home\/#website\"},\"datePublished\":\"2024-07-25T09:33:07+00:00\",\"dateModified\":\"2025-02-12T12:33:12+00:00\",\"breadcrumb\":{\"@id\":\"https:\/\/noropal.es\/home\/mi-cuenta\/#breadcrumb\"},\"inLanguage\":\"es\",\"potentialAction\":[{\"@type\":\"ReadAction\",\"target\":[\"https:\/\/noropal.es\/home\/mi-cuenta\/\"]}]},{\"@type\":\"BreadcrumbList\",\"@id\":\"https:\/\/noropal.es\/home\/mi-cuenta\/#breadcrumb\",\"itemListElement\":[{\"@type\":\"ListItem\",\"position\":1,\"name\":\"Portada\",\"item\":\"https:\/\/noropal.es\/home\/\"},{\"@type\":\"ListItem\",\"position\":2,\"name\":\"Mi cuenta\"}]},{\"@type\":\"WebSite\",\"@id\":\"https:\/\/noropal.es\/home\/#website\",\"url\":\"https:\/\/noropal.es\/home\/\",\"name\":\"Noropal\",\"description\":\"Descubre accesorios y recambios de alta calidad para relojes en Palencia. Atendemos a joyer\u00edas y clientes individuales, con env\u00edo r\u00e1pido.\",\"publisher\":{\"@id\":\"https:\/\/noropal.es\/home\/#organization\"},\"potentialAction\":[{\"@type\":\"SearchAction\",\"target\":{\"@type\":\"EntryPoint\",\"urlTemplate\":\"https:\/\/noropal.es\/home\/?s={search_term_string}\"},\"query-input\":{\"@type\":\"PropertyValueSpecification\",\"valueRequired\":true,\"valueName\":\"search_term_string\"}}],\"inLanguage\":\"es\"},{\"@type\":\"Organization\",\"@id\":\"https:\/\/noropal.es\/home\/#organization\",\"name\":\"Noropal\",\"url\":\"https:\/\/noropal.es\/home\/\",\"logo\":{\"@type\":\"ImageObject\",\"inLanguage\":\"es\",\"@id\":\"https:\/\/noropal.es\/home\/#\/schema\/logo\/image\/\",\"url\":\"https:\/\/noropal.es\/wp-content\/uploads\/2024\/07\/Noropal-removebg-preview-e1721900256892.png\",\"contentUrl\":\"https:\/\/noropal.es\/wp-content\/uploads\/2024\/07\/Noropal-removebg-preview-e1721900256892.png\",\"width\":500,\"height\":71,\"caption\":\"Noropal\"},\"image\":{\"@id\":\"https:\/\/noropal.es\/home\/#\/schema\/logo\/image\/\"}}]}<\/script>\n<!-- \/ Yoast SEO plugin. -->","yoast_head_json":{"title":"Mi cuenta - Noropal","robots":{"index":"index","follow":"follow","max-snippet":"max-snippet:-1","max-image-preview":"max-image-preview:large","max-video-preview":"max-video-preview:-1"},"canonical":"https:\/\/noropal.es\/home\/mi-cuenta\/","og_locale":"es_ES","og_type":"article","og_title":"Mi cuenta - Noropal","og_description":"Mi cuenta Escritorio Pedidos Descargas Direcciones Detalles de la cuenta Cerrar sesi\u00f3n Hola admin (\u00bfno eres admin? Cerrar sesi\u00f3n) Desde el escritorio de tu cuenta puedes ver tus pedidos recientes, gestionar tus direcciones de env\u00edo y facturaci\u00f3n y editar tu contrase\u00f1a y los detalles de tu cuenta.","og_url":"https:\/\/noropal.es\/home\/mi-cuenta\/","og_site_name":"Noropal","article_modified_time":"2025-02-12T12:33:12+00:00","twitter_card":"summary_large_image","twitter_misc":{"Tiempo de lectura":"1 minuto"},"schema":{"@context":"https:\/\/schema.org","@graph":[{"@type":"WebPage","@id":"https:\/\/noropal.es\/home\/mi-cuenta\/","url":"https:\/\/noropal.es\/home\/mi-cuenta\/","name":"Mi cuenta - Noropal","isPartOf":{"@id":"https:\/\/noropal.es\/home\/#website"},"datePublished":"2024-07-25T09:33:07+00:00","dateModified":"2025-02-12T12:33:12+00:00","breadcrumb":{"@id":"https:\/\/noropal.es\/home\/mi-cuenta\/#breadcrumb"},"inLanguage":"es","potentialAction":[{"@type":"ReadAction","target":["https:\/\/noropal.es\/home\/mi-cuenta\/"]}]},{"@type":"BreadcrumbList","@id":"https:\/\/noropal.es\/home\/mi-cuenta\/#breadcrumb","itemListElement":[{"@type":"ListItem","position":1,"name":"Portada","item":"https:\/\/noropal.es\/home\/"},{"@type":"ListItem","position":2,"name":"Mi cuenta"}]},{"@type":"WebSite","@id":"https:\/\/noropal.es\/home\/#website","url":"https:\/\/noropal.es\/home\/","name":"Noropal","description":"Descubre accesorios y recambios de alta calidad para relojes en Palencia. Atendemos a joyer\u00edas y clientes individuales, con env\u00edo r\u00e1pido.","publisher":{"@id":"https:\/\/noropal.es\/home\/#organization"},"potentialAction":[{"@type":"SearchAction","target":{"@type":"EntryPoint","urlTemplate":"https:\/\/noropal.es\/home\/?s={search_term_string}"},"query-input":{"@type":"PropertyValueSpecification","valueRequired":true,"valueName":"search_term_string"}}],"inLanguage":"es"},{"@type":"Organization","@id":"https:\/\/noropal.es\/home\/#organization","name":"Noropal","url":"https:\/\/noropal.es\/home\/","logo":{"@type":"ImageObject","inLanguage":"es","@id":"https:\/\/noropal.es\/home\/#\/schema\/logo\/image\/","url":"https:\/\/noropal.es\/wp-content\/uploads\/2024\/07\/Noropal-removebg-preview-e1721900256892.png","contentUrl":"https:\/\/noropal.es\/wp-content\/uploads\/2024\/07\/Noropal-removebg-preview-e1721900256892.png","width":500,"height":71,"caption":"Noropal"},"image":{"@id":"https:\/\/noropal.es\/home\/#\/schema\/logo\/image\/"}}]}},"_links":{"self":[{"href":"https:\/\/noropal.es\/home\/wp-json\/wp\/v2\/pages\/106","targetHints":{"allow":["GET"]}}],"collection":[{"href":"https:\/\/noropal.es\/home\/wp-json\/wp\/v2\/pages"}],"about":[{"href":"https:\/\/noropal.es\/home\/wp-json\/wp\/v2\/types\/page"}],"author":[{"embeddable":true,"href":"https:\/\/noropal.es\/home\/wp-json\/wp\/v2\/users\/1"}],"replies":[{"embeddable":true,"href":"https:\/\/noropal.es\/home\/wp-json\/wp\/v2\/comments?post=106"}],"version-history":[{"count":0,"href":"https:\/\/noropal.es\/home\/wp-json\/wp\/v2\/pages\/106\/revisions"}],"wp:attachment":[{"href":"https:\/\/noropal.es\/home\/wp-json\/wp\/v2\/media?parent=106"}],"curies":[{"name":"wp","href":"https:\/\/api.w.org\/{rel}","templated":true}]}}