{"id":1229,"date":"2024-09-26T06:22:27","date_gmt":"2024-09-26T06:22:27","guid":{"rendered":"http:\/\/tienda.noropal.es\/home\/producto\/armis-acero-22-20-mm-050-66\/"},"modified":"2025-11-24T09:49:08","modified_gmt":"2025-11-24T09:49:08","slug":"armis-acero-22-20-mm-050-66","status":"publish","type":"product","link":"https:\/\/noropal.es\/home\/producto\/armis-acero-22-20-mm-050-66\/","title":{"rendered":"Armis Acero 22\/20 Mm. 050-66"},"content":{"rendered":"<p>Armis acero 22mm. Ajustable a 20mm.<\/p>\n","protected":false},"excerpt":{"rendered":"<p>Armis acero 22mm. Ajustable a 20mm.<\/p>\n","protected":false},"featured_media":1230,"template":"","meta":[],"product_brand":[],"product_cat":[67,68],"product_tag":[28],"class_list":{"0":"post-1229","1":"product","2":"type-product","3":"status-publish","4":"has-post-thumbnail","6":"product_cat-armis","7":"product_cat-armis-acero","8":"product_tag-disponible-para-profesionales","9":"tag-disponible-para-profesionales","12":"first","13":"outofstock","14":"taxable","15":"shipping-taxable","16":"product-type-simple"},"yoast_head":"<!-- This site is optimized with the Yoast SEO plugin v25.6 - https:\/\/yoast.com\/wordpress\/plugins\/seo\/ -->\n<title>Armis Acero 22\/20 Mm. 050-66 - Noropal<\/title>\n<meta name=\"robots\" content=\"index, follow, max-snippet:-1, max-image-preview:large, max-video-preview:-1\" \/>\n<link rel=\"canonical\" href=\"https:\/\/noropal.es\/home\/producto\/armis-acero-22-20-mm-050-66\/\" \/>\n<meta property=\"og:locale\" content=\"es_ES\" \/>\n<meta property=\"og:type\" content=\"article\" \/>\n<meta property=\"og:title\" content=\"Armis Acero 22\/20 Mm. 050-66 - Noropal\" \/>\n<meta property=\"og:description\" content=\"Armis acero 22mm. Ajustable a 20mm.\" \/>\n<meta property=\"og:url\" content=\"https:\/\/noropal.es\/home\/producto\/armis-acero-22-20-mm-050-66\/\" \/>\n<meta property=\"og:site_name\" content=\"Noropal\" \/>\n<meta property=\"article:modified_time\" content=\"2025-11-24T09:49:08+00:00\" \/>\n<meta property=\"og:image\" content=\"http:\/\/noropal.es\/wp-content\/uploads\/2024\/07\/armis-acero-2220-mm-050-66.jpg\" \/>\n\t<meta property=\"og:image:width\" content=\"1092\" \/>\n\t<meta property=\"og:image:height\" content=\"266\" \/>\n\t<meta property=\"og:image:type\" content=\"image\/jpeg\" \/>\n<meta name=\"twitter:card\" content=\"summary_large_image\" \/>\n<meta name=\"twitter:label1\" content=\"Tiempo de lectura\" \/>\n\t<meta name=\"twitter:data1\" content=\"1 minuto\" \/>\n<script type=\"application\/ld+json\" class=\"yoast-schema-graph\">{\"@context\":\"https:\/\/schema.org\",\"@graph\":[{\"@type\":\"WebPage\",\"@id\":\"https:\/\/noropal.es\/home\/producto\/armis-acero-22-20-mm-050-66\/\",\"url\":\"https:\/\/noropal.es\/home\/producto\/armis-acero-22-20-mm-050-66\/\",\"name\":\"Armis Acero 22\/20 Mm. 050-66 - Noropal\",\"isPartOf\":{\"@id\":\"https:\/\/noropal.es\/home\/#website\"},\"primaryImageOfPage\":{\"@id\":\"https:\/\/noropal.es\/home\/producto\/armis-acero-22-20-mm-050-66\/#primaryimage\"},\"image\":{\"@id\":\"https:\/\/noropal.es\/home\/producto\/armis-acero-22-20-mm-050-66\/#primaryimage\"},\"thumbnailUrl\":\"https:\/\/noropal.es\/wp-content\/uploads\/2024\/07\/armis-acero-2220-mm-050-66.jpg\",\"datePublished\":\"2024-09-26T06:22:27+00:00\",\"dateModified\":\"2025-11-24T09:49:08+00:00\",\"breadcrumb\":{\"@id\":\"https:\/\/noropal.es\/home\/producto\/armis-acero-22-20-mm-050-66\/#breadcrumb\"},\"inLanguage\":\"es\",\"potentialAction\":[{\"@type\":\"ReadAction\",\"target\":[\"https:\/\/noropal.es\/home\/producto\/armis-acero-22-20-mm-050-66\/\"]}]},{\"@type\":\"ImageObject\",\"inLanguage\":\"es\",\"@id\":\"https:\/\/noropal.es\/home\/producto\/armis-acero-22-20-mm-050-66\/#primaryimage\",\"url\":\"https:\/\/noropal.es\/wp-content\/uploads\/2024\/07\/armis-acero-2220-mm-050-66.jpg\",\"contentUrl\":\"https:\/\/noropal.es\/wp-content\/uploads\/2024\/07\/armis-acero-2220-mm-050-66.jpg\",\"width\":1092,\"height\":266},{\"@type\":\"BreadcrumbList\",\"@id\":\"https:\/\/noropal.es\/home\/producto\/armis-acero-22-20-mm-050-66\/#breadcrumb\",\"itemListElement\":[{\"@type\":\"ListItem\",\"position\":1,\"name\":\"Portada\",\"item\":\"https:\/\/noropal.es\/home\/\"},{\"@type\":\"ListItem\",\"position\":2,\"name\":\"Productos\",\"item\":\"https:\/\/noropal.es\/home\/?post_type=product\"},{\"@type\":\"ListItem\",\"position\":3,\"name\":\"Armis Acero 22\/20 Mm. 050-66\"}]},{\"@type\":\"WebSite\",\"@id\":\"https:\/\/noropal.es\/home\/#website\",\"url\":\"https:\/\/noropal.es\/home\/\",\"name\":\"Noropal\",\"description\":\"Descubre accesorios y recambios de alta calidad para relojes en Palencia. Atendemos a joyer\u00edas y clientes individuales, con env\u00edo r\u00e1pido.\",\"publisher\":{\"@id\":\"https:\/\/noropal.es\/home\/#organization\"},\"potentialAction\":[{\"@type\":\"SearchAction\",\"target\":{\"@type\":\"EntryPoint\",\"urlTemplate\":\"https:\/\/noropal.es\/home\/?s={search_term_string}\"},\"query-input\":{\"@type\":\"PropertyValueSpecification\",\"valueRequired\":true,\"valueName\":\"search_term_string\"}}],\"inLanguage\":\"es\"},{\"@type\":\"Organization\",\"@id\":\"https:\/\/noropal.es\/home\/#organization\",\"name\":\"Noropal\",\"url\":\"https:\/\/noropal.es\/home\/\",\"logo\":{\"@type\":\"ImageObject\",\"inLanguage\":\"es\",\"@id\":\"https:\/\/noropal.es\/home\/#\/schema\/logo\/image\/\",\"url\":\"https:\/\/noropal.es\/wp-content\/uploads\/2024\/07\/Noropal-removebg-preview-e1721900256892.png\",\"contentUrl\":\"https:\/\/noropal.es\/wp-content\/uploads\/2024\/07\/Noropal-removebg-preview-e1721900256892.png\",\"width\":500,\"height\":71,\"caption\":\"Noropal\"},\"image\":{\"@id\":\"https:\/\/noropal.es\/home\/#\/schema\/logo\/image\/\"}}]}<\/script>\n<!-- \/ Yoast SEO plugin. -->","yoast_head_json":{"title":"Armis Acero 22\/20 Mm. 050-66 - Noropal","robots":{"index":"index","follow":"follow","max-snippet":"max-snippet:-1","max-image-preview":"max-image-preview:large","max-video-preview":"max-video-preview:-1"},"canonical":"https:\/\/noropal.es\/home\/producto\/armis-acero-22-20-mm-050-66\/","og_locale":"es_ES","og_type":"article","og_title":"Armis Acero 22\/20 Mm. 050-66 - Noropal","og_description":"Armis acero 22mm. Ajustable a 20mm.","og_url":"https:\/\/noropal.es\/home\/producto\/armis-acero-22-20-mm-050-66\/","og_site_name":"Noropal","article_modified_time":"2025-11-24T09:49:08+00:00","og_image":[{"width":1092,"height":266,"url":"http:\/\/noropal.es\/wp-content\/uploads\/2024\/07\/armis-acero-2220-mm-050-66.jpg","type":"image\/jpeg"}],"twitter_card":"summary_large_image","twitter_misc":{"Tiempo de lectura":"1 minuto"},"schema":{"@context":"https:\/\/schema.org","@graph":[{"@type":"WebPage","@id":"https:\/\/noropal.es\/home\/producto\/armis-acero-22-20-mm-050-66\/","url":"https:\/\/noropal.es\/home\/producto\/armis-acero-22-20-mm-050-66\/","name":"Armis Acero 22\/20 Mm. 050-66 - Noropal","isPartOf":{"@id":"https:\/\/noropal.es\/home\/#website"},"primaryImageOfPage":{"@id":"https:\/\/noropal.es\/home\/producto\/armis-acero-22-20-mm-050-66\/#primaryimage"},"image":{"@id":"https:\/\/noropal.es\/home\/producto\/armis-acero-22-20-mm-050-66\/#primaryimage"},"thumbnailUrl":"https:\/\/noropal.es\/wp-content\/uploads\/2024\/07\/armis-acero-2220-mm-050-66.jpg","datePublished":"2024-09-26T06:22:27+00:00","dateModified":"2025-11-24T09:49:08+00:00","breadcrumb":{"@id":"https:\/\/noropal.es\/home\/producto\/armis-acero-22-20-mm-050-66\/#breadcrumb"},"inLanguage":"es","potentialAction":[{"@type":"ReadAction","target":["https:\/\/noropal.es\/home\/producto\/armis-acero-22-20-mm-050-66\/"]}]},{"@type":"ImageObject","inLanguage":"es","@id":"https:\/\/noropal.es\/home\/producto\/armis-acero-22-20-mm-050-66\/#primaryimage","url":"https:\/\/noropal.es\/wp-content\/uploads\/2024\/07\/armis-acero-2220-mm-050-66.jpg","contentUrl":"https:\/\/noropal.es\/wp-content\/uploads\/2024\/07\/armis-acero-2220-mm-050-66.jpg","width":1092,"height":266},{"@type":"BreadcrumbList","@id":"https:\/\/noropal.es\/home\/producto\/armis-acero-22-20-mm-050-66\/#breadcrumb","itemListElement":[{"@type":"ListItem","position":1,"name":"Portada","item":"https:\/\/noropal.es\/home\/"},{"@type":"ListItem","position":2,"name":"Productos","item":"https:\/\/noropal.es\/home\/?post_type=product"},{"@type":"ListItem","position":3,"name":"Armis Acero 22\/20 Mm. 050-66"}]},{"@type":"WebSite","@id":"https:\/\/noropal.es\/home\/#website","url":"https:\/\/noropal.es\/home\/","name":"Noropal","description":"Descubre accesorios y recambios de alta calidad para relojes en Palencia. Atendemos a joyer\u00edas y clientes individuales, con env\u00edo r\u00e1pido.","publisher":{"@id":"https:\/\/noropal.es\/home\/#organization"},"potentialAction":[{"@type":"SearchAction","target":{"@type":"EntryPoint","urlTemplate":"https:\/\/noropal.es\/home\/?s={search_term_string}"},"query-input":{"@type":"PropertyValueSpecification","valueRequired":true,"valueName":"search_term_string"}}],"inLanguage":"es"},{"@type":"Organization","@id":"https:\/\/noropal.es\/home\/#organization","name":"Noropal","url":"https:\/\/noropal.es\/home\/","logo":{"@type":"ImageObject","inLanguage":"es","@id":"https:\/\/noropal.es\/home\/#\/schema\/logo\/image\/","url":"https:\/\/noropal.es\/wp-content\/uploads\/2024\/07\/Noropal-removebg-preview-e1721900256892.png","contentUrl":"https:\/\/noropal.es\/wp-content\/uploads\/2024\/07\/Noropal-removebg-preview-e1721900256892.png","width":500,"height":71,"caption":"Noropal"},"image":{"@id":"https:\/\/noropal.es\/home\/#\/schema\/logo\/image\/"}}]}},"tiered_pricing_type":"fixed","tiered_pricing_fixed_rules":[],"tiered_pricing_product_settings":{"layout":"default","base_unit_name":{"singular":null,"plural":null},"default_variation":null},"tiered_pricing_minimum_quantity":null,"tiered_pricing_roles_data":{"profesional":{"product_id":1229,"role":"profesional","pricing_type":"flat","regular_price":6.45,"sale_price":null,"discount":null,"discount_type":"sale_price","tiered_pricing_type":"fixed","percentage_rules":[],"fixed_rules":[],"minimum":null},"mayorista":{"product_id":1229,"role":"mayorista","pricing_type":"flat","regular_price":5.35,"sale_price":null,"discount":null,"discount_type":"sale_price","tiered_pricing_type":"fixed","percentage_rules":[],"fixed_rules":[],"minimum":null}},"tiered_pricing_percentage_rules":[],"tiered_pricing_maximum_quantity":null,"tiered_pricing_quantity_step":null,"_links":{"self":[{"href":"https:\/\/noropal.es\/home\/wp-json\/wp\/v2\/product\/1229","targetHints":{"allow":["GET"]}}],"collection":[{"href":"https:\/\/noropal.es\/home\/wp-json\/wp\/v2\/product"}],"about":[{"href":"https:\/\/noropal.es\/home\/wp-json\/wp\/v2\/types\/product"}],"wp:featuredmedia":[{"embeddable":true,"href":"https:\/\/noropal.es\/home\/wp-json\/wp\/v2\/media\/1230"}],"wp:attachment":[{"href":"https:\/\/noropal.es\/home\/wp-json\/wp\/v2\/media?parent=1229"}],"wp:term":[{"taxonomy":"product_brand","embeddable":true,"href":"https:\/\/noropal.es\/home\/wp-json\/wp\/v2\/product_brand?post=1229"},{"taxonomy":"product_cat","embeddable":true,"href":"https:\/\/noropal.es\/home\/wp-json\/wp\/v2\/product_cat?post=1229"},{"taxonomy":"product_tag","embeddable":true,"href":"https:\/\/noropal.es\/home\/wp-json\/wp\/v2\/product_tag?post=1229"}],"curies":[{"name":"wp","href":"https:\/\/api.w.org\/{rel}","templated":true}]}}