{"id":1249,"date":"2024-09-26T07:21:30","date_gmt":"2024-09-26T07:21:30","guid":{"rendered":"http:\/\/tienda.noropal.es\/home\/producto\/maquinaria-de-cocina-c-largo-520-520l\/"},"modified":"2026-04-22T16:34:55","modified_gmt":"2026-04-22T16:34:55","slug":"maquinaria-de-cocina-c-largo-520-520l","status":"publish","type":"product","link":"https:\/\/noropal.es\/home\/producto\/maquinaria-de-cocina-c-largo-520-520l\/","title":{"rendered":"Maquinaria De Cocina C\/Largo 520-520L"},"content":{"rendered":"","protected":false},"excerpt":{"rendered":"<p>Maquinaria\u00a0 asi\u00e1tica de cocina de cuello largo 520-521-L. (largo total 22mm &#8211; rosca 15mm)<\/p>\n<p>Incluye agujas y segundero, colgador, goma, arandela, y tuerca.<\/p>\n<p>Funciona con 1 pila LR6 (AA) no incluida.<\/p>\n","protected":false},"featured_media":1250,"template":"","meta":[],"product_brand":[],"product_cat":[65,72],"product_tag":[28],"class_list":{"0":"post-1249","1":"product","2":"type-product","3":"status-publish","4":"has-post-thumbnail","6":"product_cat-fornitura-gruesa","7":"product_cat-maquinarias-de-cocina","8":"product_tag-disponible-para-profesionales","9":"tag-disponible-para-profesionales","12":"first","13":"instock","14":"taxable","15":"shipping-taxable","16":"product-type-simple"},"yoast_head":"<!-- This site is optimized with the Yoast SEO plugin v25.6 - https:\/\/yoast.com\/wordpress\/plugins\/seo\/ -->\n<title>Maquinaria De Cocina C\/Largo 520-520L - Noropal<\/title>\n<meta name=\"robots\" content=\"index, follow, max-snippet:-1, max-image-preview:large, max-video-preview:-1\" \/>\n<link rel=\"canonical\" href=\"https:\/\/noropal.es\/home\/producto\/maquinaria-de-cocina-c-largo-520-520l\/\" \/>\n<meta property=\"og:locale\" content=\"es_ES\" \/>\n<meta property=\"og:type\" content=\"article\" \/>\n<meta property=\"og:title\" content=\"Maquinaria De Cocina C\/Largo 520-520L - Noropal\" \/>\n<meta property=\"og:description\" content=\"Maquinaria\u00a0 asi\u00e1tica de cocina de cuello largo 520-521-L. (largo total 22mm - rosca 15mm)  Incluye agujas y segundero, colgador, goma, arandela, y tuerca.  Funciona con 1 pila LR6 (AA) no incluida.\" \/>\n<meta property=\"og:url\" content=\"https:\/\/noropal.es\/home\/producto\/maquinaria-de-cocina-c-largo-520-520l\/\" \/>\n<meta property=\"og:site_name\" content=\"Noropal\" \/>\n<meta property=\"article:modified_time\" content=\"2026-04-22T16:34:55+00:00\" \/>\n<meta property=\"og:image\" content=\"http:\/\/noropal.es\/wp-content\/uploads\/2024\/07\/maquinaria-de-cocina-clargo-520-520l.jpg\" \/>\n\t<meta property=\"og:image:width\" content=\"645\" \/>\n\t<meta property=\"og:image:height\" content=\"222\" \/>\n\t<meta property=\"og:image:type\" content=\"image\/jpeg\" \/>\n<meta name=\"twitter:card\" content=\"summary_large_image\" \/>\n<meta name=\"twitter:label1\" content=\"Tiempo de lectura\" \/>\n\t<meta name=\"twitter:data1\" content=\"1 minuto\" \/>\n<script type=\"application\/ld+json\" class=\"yoast-schema-graph\">{\"@context\":\"https:\/\/schema.org\",\"@graph\":[{\"@type\":\"WebPage\",\"@id\":\"https:\/\/noropal.es\/home\/producto\/maquinaria-de-cocina-c-largo-520-520l\/\",\"url\":\"https:\/\/noropal.es\/home\/producto\/maquinaria-de-cocina-c-largo-520-520l\/\",\"name\":\"Maquinaria De Cocina C\/Largo 520-520L - Noropal\",\"isPartOf\":{\"@id\":\"https:\/\/noropal.es\/home\/#website\"},\"primaryImageOfPage\":{\"@id\":\"https:\/\/noropal.es\/home\/producto\/maquinaria-de-cocina-c-largo-520-520l\/#primaryimage\"},\"image\":{\"@id\":\"https:\/\/noropal.es\/home\/producto\/maquinaria-de-cocina-c-largo-520-520l\/#primaryimage\"},\"thumbnailUrl\":\"https:\/\/noropal.es\/wp-content\/uploads\/2024\/07\/maquinaria-de-cocina-clargo-520-520l.jpg\",\"datePublished\":\"2024-09-26T07:21:30+00:00\",\"dateModified\":\"2026-04-22T16:34:55+00:00\",\"breadcrumb\":{\"@id\":\"https:\/\/noropal.es\/home\/producto\/maquinaria-de-cocina-c-largo-520-520l\/#breadcrumb\"},\"inLanguage\":\"es\",\"potentialAction\":[{\"@type\":\"ReadAction\",\"target\":[\"https:\/\/noropal.es\/home\/producto\/maquinaria-de-cocina-c-largo-520-520l\/\"]}]},{\"@type\":\"ImageObject\",\"inLanguage\":\"es\",\"@id\":\"https:\/\/noropal.es\/home\/producto\/maquinaria-de-cocina-c-largo-520-520l\/#primaryimage\",\"url\":\"https:\/\/noropal.es\/wp-content\/uploads\/2024\/07\/maquinaria-de-cocina-clargo-520-520l.jpg\",\"contentUrl\":\"https:\/\/noropal.es\/wp-content\/uploads\/2024\/07\/maquinaria-de-cocina-clargo-520-520l.jpg\",\"width\":645,\"height\":222},{\"@type\":\"BreadcrumbList\",\"@id\":\"https:\/\/noropal.es\/home\/producto\/maquinaria-de-cocina-c-largo-520-520l\/#breadcrumb\",\"itemListElement\":[{\"@type\":\"ListItem\",\"position\":1,\"name\":\"Portada\",\"item\":\"https:\/\/noropal.es\/home\/\"},{\"@type\":\"ListItem\",\"position\":2,\"name\":\"Productos\",\"item\":\"https:\/\/noropal.es\/home\/?post_type=product\"},{\"@type\":\"ListItem\",\"position\":3,\"name\":\"Maquinaria De Cocina C\/Largo 520-520L\"}]},{\"@type\":\"WebSite\",\"@id\":\"https:\/\/noropal.es\/home\/#website\",\"url\":\"https:\/\/noropal.es\/home\/\",\"name\":\"Noropal\",\"description\":\"Descubre accesorios y recambios de alta calidad para relojes en Palencia. Atendemos a joyer\u00edas y clientes individuales, con env\u00edo r\u00e1pido.\",\"publisher\":{\"@id\":\"https:\/\/noropal.es\/home\/#organization\"},\"potentialAction\":[{\"@type\":\"SearchAction\",\"target\":{\"@type\":\"EntryPoint\",\"urlTemplate\":\"https:\/\/noropal.es\/home\/?s={search_term_string}\"},\"query-input\":{\"@type\":\"PropertyValueSpecification\",\"valueRequired\":true,\"valueName\":\"search_term_string\"}}],\"inLanguage\":\"es\"},{\"@type\":\"Organization\",\"@id\":\"https:\/\/noropal.es\/home\/#organization\",\"name\":\"Noropal\",\"url\":\"https:\/\/noropal.es\/home\/\",\"logo\":{\"@type\":\"ImageObject\",\"inLanguage\":\"es\",\"@id\":\"https:\/\/noropal.es\/home\/#\/schema\/logo\/image\/\",\"url\":\"https:\/\/noropal.es\/wp-content\/uploads\/2024\/07\/Noropal-removebg-preview-e1721900256892.png\",\"contentUrl\":\"https:\/\/noropal.es\/wp-content\/uploads\/2024\/07\/Noropal-removebg-preview-e1721900256892.png\",\"width\":500,\"height\":71,\"caption\":\"Noropal\"},\"image\":{\"@id\":\"https:\/\/noropal.es\/home\/#\/schema\/logo\/image\/\"}}]}<\/script>\n<!-- \/ Yoast SEO plugin. -->","yoast_head_json":{"title":"Maquinaria De Cocina C\/Largo 520-520L - Noropal","robots":{"index":"index","follow":"follow","max-snippet":"max-snippet:-1","max-image-preview":"max-image-preview:large","max-video-preview":"max-video-preview:-1"},"canonical":"https:\/\/noropal.es\/home\/producto\/maquinaria-de-cocina-c-largo-520-520l\/","og_locale":"es_ES","og_type":"article","og_title":"Maquinaria De Cocina C\/Largo 520-520L - Noropal","og_description":"Maquinaria\u00a0 asi\u00e1tica de cocina de cuello largo 520-521-L. (largo total 22mm - rosca 15mm)  Incluye agujas y segundero, colgador, goma, arandela, y tuerca.  Funciona con 1 pila LR6 (AA) no incluida.","og_url":"https:\/\/noropal.es\/home\/producto\/maquinaria-de-cocina-c-largo-520-520l\/","og_site_name":"Noropal","article_modified_time":"2026-04-22T16:34:55+00:00","og_image":[{"width":645,"height":222,"url":"http:\/\/noropal.es\/wp-content\/uploads\/2024\/07\/maquinaria-de-cocina-clargo-520-520l.jpg","type":"image\/jpeg"}],"twitter_card":"summary_large_image","twitter_misc":{"Tiempo de lectura":"1 minuto"},"schema":{"@context":"https:\/\/schema.org","@graph":[{"@type":"WebPage","@id":"https:\/\/noropal.es\/home\/producto\/maquinaria-de-cocina-c-largo-520-520l\/","url":"https:\/\/noropal.es\/home\/producto\/maquinaria-de-cocina-c-largo-520-520l\/","name":"Maquinaria De Cocina C\/Largo 520-520L - Noropal","isPartOf":{"@id":"https:\/\/noropal.es\/home\/#website"},"primaryImageOfPage":{"@id":"https:\/\/noropal.es\/home\/producto\/maquinaria-de-cocina-c-largo-520-520l\/#primaryimage"},"image":{"@id":"https:\/\/noropal.es\/home\/producto\/maquinaria-de-cocina-c-largo-520-520l\/#primaryimage"},"thumbnailUrl":"https:\/\/noropal.es\/wp-content\/uploads\/2024\/07\/maquinaria-de-cocina-clargo-520-520l.jpg","datePublished":"2024-09-26T07:21:30+00:00","dateModified":"2026-04-22T16:34:55+00:00","breadcrumb":{"@id":"https:\/\/noropal.es\/home\/producto\/maquinaria-de-cocina-c-largo-520-520l\/#breadcrumb"},"inLanguage":"es","potentialAction":[{"@type":"ReadAction","target":["https:\/\/noropal.es\/home\/producto\/maquinaria-de-cocina-c-largo-520-520l\/"]}]},{"@type":"ImageObject","inLanguage":"es","@id":"https:\/\/noropal.es\/home\/producto\/maquinaria-de-cocina-c-largo-520-520l\/#primaryimage","url":"https:\/\/noropal.es\/wp-content\/uploads\/2024\/07\/maquinaria-de-cocina-clargo-520-520l.jpg","contentUrl":"https:\/\/noropal.es\/wp-content\/uploads\/2024\/07\/maquinaria-de-cocina-clargo-520-520l.jpg","width":645,"height":222},{"@type":"BreadcrumbList","@id":"https:\/\/noropal.es\/home\/producto\/maquinaria-de-cocina-c-largo-520-520l\/#breadcrumb","itemListElement":[{"@type":"ListItem","position":1,"name":"Portada","item":"https:\/\/noropal.es\/home\/"},{"@type":"ListItem","position":2,"name":"Productos","item":"https:\/\/noropal.es\/home\/?post_type=product"},{"@type":"ListItem","position":3,"name":"Maquinaria De Cocina C\/Largo 520-520L"}]},{"@type":"WebSite","@id":"https:\/\/noropal.es\/home\/#website","url":"https:\/\/noropal.es\/home\/","name":"Noropal","description":"Descubre accesorios y recambios de alta calidad para relojes en Palencia. Atendemos a joyer\u00edas y clientes individuales, con env\u00edo r\u00e1pido.","publisher":{"@id":"https:\/\/noropal.es\/home\/#organization"},"potentialAction":[{"@type":"SearchAction","target":{"@type":"EntryPoint","urlTemplate":"https:\/\/noropal.es\/home\/?s={search_term_string}"},"query-input":{"@type":"PropertyValueSpecification","valueRequired":true,"valueName":"search_term_string"}}],"inLanguage":"es"},{"@type":"Organization","@id":"https:\/\/noropal.es\/home\/#organization","name":"Noropal","url":"https:\/\/noropal.es\/home\/","logo":{"@type":"ImageObject","inLanguage":"es","@id":"https:\/\/noropal.es\/home\/#\/schema\/logo\/image\/","url":"https:\/\/noropal.es\/wp-content\/uploads\/2024\/07\/Noropal-removebg-preview-e1721900256892.png","contentUrl":"https:\/\/noropal.es\/wp-content\/uploads\/2024\/07\/Noropal-removebg-preview-e1721900256892.png","width":500,"height":71,"caption":"Noropal"},"image":{"@id":"https:\/\/noropal.es\/home\/#\/schema\/logo\/image\/"}}]}},"tiered_pricing_type":"fixed","tiered_pricing_fixed_rules":[],"tiered_pricing_product_settings":{"layout":"default","base_unit_name":{"singular":null,"plural":null},"default_variation":null},"tiered_pricing_minimum_quantity":null,"tiered_pricing_roles_data":{"profesional":{"product_id":1249,"role":"profesional","pricing_type":"flat","regular_price":2.05,"sale_price":null,"discount":null,"discount_type":"sale_price","tiered_pricing_type":"fixed","percentage_rules":[],"fixed_rules":[],"minimum":null},"mayorista":{"product_id":1249,"role":"mayorista","pricing_type":"flat","regular_price":1.2,"sale_price":null,"discount":null,"discount_type":"sale_price","tiered_pricing_type":"fixed","percentage_rules":[],"fixed_rules":[],"minimum":null}},"tiered_pricing_percentage_rules":[],"tiered_pricing_maximum_quantity":null,"tiered_pricing_quantity_step":null,"_links":{"self":[{"href":"https:\/\/noropal.es\/home\/wp-json\/wp\/v2\/product\/1249","targetHints":{"allow":["GET"]}}],"collection":[{"href":"https:\/\/noropal.es\/home\/wp-json\/wp\/v2\/product"}],"about":[{"href":"https:\/\/noropal.es\/home\/wp-json\/wp\/v2\/types\/product"}],"wp:featuredmedia":[{"embeddable":true,"href":"https:\/\/noropal.es\/home\/wp-json\/wp\/v2\/media\/1250"}],"wp:attachment":[{"href":"https:\/\/noropal.es\/home\/wp-json\/wp\/v2\/media?parent=1249"}],"wp:term":[{"taxonomy":"product_brand","embeddable":true,"href":"https:\/\/noropal.es\/home\/wp-json\/wp\/v2\/product_brand?post=1249"},{"taxonomy":"product_cat","embeddable":true,"href":"https:\/\/noropal.es\/home\/wp-json\/wp\/v2\/product_cat?post=1249"},{"taxonomy":"product_tag","embeddable":true,"href":"https:\/\/noropal.es\/home\/wp-json\/wp\/v2\/product_tag?post=1249"}],"curies":[{"name":"wp","href":"https:\/\/api.w.org\/{rel}","templated":true}]}}