{"id":5426,"date":"2024-09-26T07:29:24","date_gmt":"2024-09-26T07:29:24","guid":{"rendered":"http:\/\/tienda.noropal.es\/home\/producto\/murata-0-377-sr626sw\/"},"modified":"2025-09-17T08:36:21","modified_gmt":"2025-09-17T08:36:21","slug":"murata-0-377-sr626sw","status":"publish","type":"product","link":"https:\/\/noropal.es\/home\/producto\/murata-0-377-sr626sw\/","title":{"rendered":"Seizaken 0% 377 (SR626SW)"},"content":{"rendered":"","protected":false},"excerpt":{"rendered":"<p>Pila \u00f3xido de plata Seizaken 377 (SR626SW).<\/p>\n<p>Se sirve en cajitas de 10 unidades.<\/p>\n<p>Precio por unidad.<\/p>\n<p>Descuentos por cantidad.<\/p>\n","protected":false},"featured_media":9386,"template":"","meta":[],"product_brand":[],"product_cat":[29,105],"product_tag":[28],"class_list":{"0":"post-5426","1":"product","2":"type-product","3":"status-publish","4":"has-post-thumbnail","6":"product_cat-pilas","7":"product_cat-pilas-oxido-de-plata-murata-0","8":"product_tag-disponible-para-profesionales","9":"tag-disponible-para-profesionales","12":"first","13":"instock","14":"taxable","15":"shipping-taxable","16":"product-type-simple"},"yoast_head":"<!-- This site is optimized with the Yoast SEO plugin v25.6 - https:\/\/yoast.com\/wordpress\/plugins\/seo\/ -->\n<title>Seizaken 0% 377 (SR626SW) - Noropal<\/title>\n<meta name=\"robots\" content=\"index, follow, max-snippet:-1, max-image-preview:large, max-video-preview:-1\" \/>\n<link rel=\"canonical\" href=\"https:\/\/noropal.es\/home\/producto\/murata-0-377-sr626sw\/\" \/>\n<meta property=\"og:locale\" content=\"es_ES\" \/>\n<meta property=\"og:type\" content=\"article\" \/>\n<meta property=\"og:title\" content=\"Seizaken 0% 377 (SR626SW) - Noropal\" \/>\n<meta property=\"og:description\" content=\"Pila \u00f3xido de plata Seizaken 377 (SR626SW).  Se sirve en cajitas de 10 unidades.  Precio por unidad.  Descuentos por cantidad.\" \/>\n<meta property=\"og:url\" content=\"https:\/\/noropal.es\/home\/producto\/murata-0-377-sr626sw\/\" \/>\n<meta property=\"og:site_name\" content=\"Noropal\" \/>\n<meta property=\"article:modified_time\" content=\"2025-09-17T08:36:21+00:00\" \/>\n<meta property=\"og:image\" content=\"http:\/\/noropal.es\/wp-content\/uploads\/2024\/09\/377.jpeg\" \/>\n\t<meta property=\"og:image:width\" content=\"320\" \/>\n\t<meta property=\"og:image:height\" content=\"320\" \/>\n\t<meta property=\"og:image:type\" content=\"image\/jpeg\" \/>\n<meta name=\"twitter:card\" content=\"summary_large_image\" \/>\n<meta name=\"twitter:label1\" content=\"Tiempo de lectura\" \/>\n\t<meta name=\"twitter:data1\" content=\"1 minuto\" \/>\n<script type=\"application\/ld+json\" class=\"yoast-schema-graph\">{\"@context\":\"https:\/\/schema.org\",\"@graph\":[{\"@type\":\"WebPage\",\"@id\":\"https:\/\/noropal.es\/home\/producto\/murata-0-377-sr626sw\/\",\"url\":\"https:\/\/noropal.es\/home\/producto\/murata-0-377-sr626sw\/\",\"name\":\"Seizaken 0% 377 (SR626SW) - Noropal\",\"isPartOf\":{\"@id\":\"https:\/\/noropal.es\/home\/#website\"},\"primaryImageOfPage\":{\"@id\":\"https:\/\/noropal.es\/home\/producto\/murata-0-377-sr626sw\/#primaryimage\"},\"image\":{\"@id\":\"https:\/\/noropal.es\/home\/producto\/murata-0-377-sr626sw\/#primaryimage\"},\"thumbnailUrl\":\"https:\/\/noropal.es\/wp-content\/uploads\/2024\/09\/377.jpeg\",\"datePublished\":\"2024-09-26T07:29:24+00:00\",\"dateModified\":\"2025-09-17T08:36:21+00:00\",\"breadcrumb\":{\"@id\":\"https:\/\/noropal.es\/home\/producto\/murata-0-377-sr626sw\/#breadcrumb\"},\"inLanguage\":\"es\",\"potentialAction\":[{\"@type\":\"ReadAction\",\"target\":[\"https:\/\/noropal.es\/home\/producto\/murata-0-377-sr626sw\/\"]}]},{\"@type\":\"ImageObject\",\"inLanguage\":\"es\",\"@id\":\"https:\/\/noropal.es\/home\/producto\/murata-0-377-sr626sw\/#primaryimage\",\"url\":\"https:\/\/noropal.es\/wp-content\/uploads\/2024\/09\/377.jpeg\",\"contentUrl\":\"https:\/\/noropal.es\/wp-content\/uploads\/2024\/09\/377.jpeg\",\"width\":320,\"height\":320},{\"@type\":\"BreadcrumbList\",\"@id\":\"https:\/\/noropal.es\/home\/producto\/murata-0-377-sr626sw\/#breadcrumb\",\"itemListElement\":[{\"@type\":\"ListItem\",\"position\":1,\"name\":\"Portada\",\"item\":\"https:\/\/noropal.es\/home\/\"},{\"@type\":\"ListItem\",\"position\":2,\"name\":\"Productos\",\"item\":\"https:\/\/noropal.es\/home\/?post_type=product\"},{\"@type\":\"ListItem\",\"position\":3,\"name\":\"Seizaken 0% 377 (SR626SW)\"}]},{\"@type\":\"WebSite\",\"@id\":\"https:\/\/noropal.es\/home\/#website\",\"url\":\"https:\/\/noropal.es\/home\/\",\"name\":\"Noropal\",\"description\":\"Descubre accesorios y recambios de alta calidad para relojes en Palencia. Atendemos a joyer\u00edas y clientes individuales, con env\u00edo r\u00e1pido.\",\"publisher\":{\"@id\":\"https:\/\/noropal.es\/home\/#organization\"},\"potentialAction\":[{\"@type\":\"SearchAction\",\"target\":{\"@type\":\"EntryPoint\",\"urlTemplate\":\"https:\/\/noropal.es\/home\/?s={search_term_string}\"},\"query-input\":{\"@type\":\"PropertyValueSpecification\",\"valueRequired\":true,\"valueName\":\"search_term_string\"}}],\"inLanguage\":\"es\"},{\"@type\":\"Organization\",\"@id\":\"https:\/\/noropal.es\/home\/#organization\",\"name\":\"Noropal\",\"url\":\"https:\/\/noropal.es\/home\/\",\"logo\":{\"@type\":\"ImageObject\",\"inLanguage\":\"es\",\"@id\":\"https:\/\/noropal.es\/home\/#\/schema\/logo\/image\/\",\"url\":\"https:\/\/noropal.es\/wp-content\/uploads\/2024\/07\/Noropal-removebg-preview-e1721900256892.png\",\"contentUrl\":\"https:\/\/noropal.es\/wp-content\/uploads\/2024\/07\/Noropal-removebg-preview-e1721900256892.png\",\"width\":500,\"height\":71,\"caption\":\"Noropal\"},\"image\":{\"@id\":\"https:\/\/noropal.es\/home\/#\/schema\/logo\/image\/\"}}]}<\/script>\n<!-- \/ Yoast SEO plugin. -->","yoast_head_json":{"title":"Seizaken 0% 377 (SR626SW) - Noropal","robots":{"index":"index","follow":"follow","max-snippet":"max-snippet:-1","max-image-preview":"max-image-preview:large","max-video-preview":"max-video-preview:-1"},"canonical":"https:\/\/noropal.es\/home\/producto\/murata-0-377-sr626sw\/","og_locale":"es_ES","og_type":"article","og_title":"Seizaken 0% 377 (SR626SW) - Noropal","og_description":"Pila \u00f3xido de plata Seizaken 377 (SR626SW).  Se sirve en cajitas de 10 unidades.  Precio por unidad.  Descuentos por cantidad.","og_url":"https:\/\/noropal.es\/home\/producto\/murata-0-377-sr626sw\/","og_site_name":"Noropal","article_modified_time":"2025-09-17T08:36:21+00:00","og_image":[{"width":320,"height":320,"url":"http:\/\/noropal.es\/wp-content\/uploads\/2024\/09\/377.jpeg","type":"image\/jpeg"}],"twitter_card":"summary_large_image","twitter_misc":{"Tiempo de lectura":"1 minuto"},"schema":{"@context":"https:\/\/schema.org","@graph":[{"@type":"WebPage","@id":"https:\/\/noropal.es\/home\/producto\/murata-0-377-sr626sw\/","url":"https:\/\/noropal.es\/home\/producto\/murata-0-377-sr626sw\/","name":"Seizaken 0% 377 (SR626SW) - Noropal","isPartOf":{"@id":"https:\/\/noropal.es\/home\/#website"},"primaryImageOfPage":{"@id":"https:\/\/noropal.es\/home\/producto\/murata-0-377-sr626sw\/#primaryimage"},"image":{"@id":"https:\/\/noropal.es\/home\/producto\/murata-0-377-sr626sw\/#primaryimage"},"thumbnailUrl":"https:\/\/noropal.es\/wp-content\/uploads\/2024\/09\/377.jpeg","datePublished":"2024-09-26T07:29:24+00:00","dateModified":"2025-09-17T08:36:21+00:00","breadcrumb":{"@id":"https:\/\/noropal.es\/home\/producto\/murata-0-377-sr626sw\/#breadcrumb"},"inLanguage":"es","potentialAction":[{"@type":"ReadAction","target":["https:\/\/noropal.es\/home\/producto\/murata-0-377-sr626sw\/"]}]},{"@type":"ImageObject","inLanguage":"es","@id":"https:\/\/noropal.es\/home\/producto\/murata-0-377-sr626sw\/#primaryimage","url":"https:\/\/noropal.es\/wp-content\/uploads\/2024\/09\/377.jpeg","contentUrl":"https:\/\/noropal.es\/wp-content\/uploads\/2024\/09\/377.jpeg","width":320,"height":320},{"@type":"BreadcrumbList","@id":"https:\/\/noropal.es\/home\/producto\/murata-0-377-sr626sw\/#breadcrumb","itemListElement":[{"@type":"ListItem","position":1,"name":"Portada","item":"https:\/\/noropal.es\/home\/"},{"@type":"ListItem","position":2,"name":"Productos","item":"https:\/\/noropal.es\/home\/?post_type=product"},{"@type":"ListItem","position":3,"name":"Seizaken 0% 377 (SR626SW)"}]},{"@type":"WebSite","@id":"https:\/\/noropal.es\/home\/#website","url":"https:\/\/noropal.es\/home\/","name":"Noropal","description":"Descubre accesorios y recambios de alta calidad para relojes en Palencia. Atendemos a joyer\u00edas y clientes individuales, con env\u00edo r\u00e1pido.","publisher":{"@id":"https:\/\/noropal.es\/home\/#organization"},"potentialAction":[{"@type":"SearchAction","target":{"@type":"EntryPoint","urlTemplate":"https:\/\/noropal.es\/home\/?s={search_term_string}"},"query-input":{"@type":"PropertyValueSpecification","valueRequired":true,"valueName":"search_term_string"}}],"inLanguage":"es"},{"@type":"Organization","@id":"https:\/\/noropal.es\/home\/#organization","name":"Noropal","url":"https:\/\/noropal.es\/home\/","logo":{"@type":"ImageObject","inLanguage":"es","@id":"https:\/\/noropal.es\/home\/#\/schema\/logo\/image\/","url":"https:\/\/noropal.es\/wp-content\/uploads\/2024\/07\/Noropal-removebg-preview-e1721900256892.png","contentUrl":"https:\/\/noropal.es\/wp-content\/uploads\/2024\/07\/Noropal-removebg-preview-e1721900256892.png","width":500,"height":71,"caption":"Noropal"},"image":{"@id":"https:\/\/noropal.es\/home\/#\/schema\/logo\/image\/"}}]}},"tiered_pricing_type":"fixed","tiered_pricing_fixed_rules":[],"tiered_pricing_product_settings":{"layout":"default","base_unit_name":{"singular":null,"plural":null},"default_variation":null},"tiered_pricing_minimum_quantity":null,"tiered_pricing_roles_data":{"profesional":{"product_id":5426,"role":"profesional","pricing_type":"flat","regular_price":0.25,"sale_price":null,"discount":null,"discount_type":"sale_price","tiered_pricing_type":"fixed","percentage_rules":[],"fixed_rules":{"100":"0.24","500":"0.23"},"minimum":10},"mayorista":{"product_id":5426,"role":"mayorista","pricing_type":"flat","regular_price":0.21,"sale_price":null,"discount":null,"discount_type":"sale_price","tiered_pricing_type":"fixed","percentage_rules":[],"fixed_rules":{"500":"0.20","1000":"0.19"},"minimum":10}},"tiered_pricing_percentage_rules":[],"tiered_pricing_maximum_quantity":null,"tiered_pricing_quantity_step":null,"_links":{"self":[{"href":"https:\/\/noropal.es\/home\/wp-json\/wp\/v2\/product\/5426","targetHints":{"allow":["GET"]}}],"collection":[{"href":"https:\/\/noropal.es\/home\/wp-json\/wp\/v2\/product"}],"about":[{"href":"https:\/\/noropal.es\/home\/wp-json\/wp\/v2\/types\/product"}],"wp:featuredmedia":[{"embeddable":true,"href":"https:\/\/noropal.es\/home\/wp-json\/wp\/v2\/media\/9386"}],"wp:attachment":[{"href":"https:\/\/noropal.es\/home\/wp-json\/wp\/v2\/media?parent=5426"}],"wp:term":[{"taxonomy":"product_brand","embeddable":true,"href":"https:\/\/noropal.es\/home\/wp-json\/wp\/v2\/product_brand?post=5426"},{"taxonomy":"product_cat","embeddable":true,"href":"https:\/\/noropal.es\/home\/wp-json\/wp\/v2\/product_cat?post=5426"},{"taxonomy":"product_tag","embeddable":true,"href":"https:\/\/noropal.es\/home\/wp-json\/wp\/v2\/product_tag?post=5426"}],"curies":[{"name":"wp","href":"https:\/\/api.w.org\/{rel}","templated":true}]}}