{"id":5992,"date":"2024-09-26T07:44:45","date_gmt":"2024-09-26T07:44:45","guid":{"rendered":"http:\/\/tienda.noropal.es\/home\/producto\/tijas-miyota-978-28\/"},"modified":"2024-10-14T10:40:15","modified_gmt":"2024-10-14T10:40:15","slug":"tijas-miyota-978-28","status":"publish","type":"product","link":"https:\/\/noropal.es\/home\/producto\/tijas-miyota-978-28\/","title":{"rendered":"Tijas Miyota 978-28"},"content":{"rendered":"<p>Calibres 2000 2001 2002 2005 2010 2015 2017 2020 2025 2028 2030 2034 2035 2036 2038 2039 2040 2041 2045 2100 2105 2110 2115 2117 2140 213D 2305 2315 2350 2353 2405 2415 2453 4800 5701 C010 C011 C030 T010 T011 TL10 TL11<\/p>\n<p>Tija n\u00famero 065-299<\/p>\n","protected":false},"excerpt":{"rendered":"<p>Calibres 2000 2001 2002 2005 2010 2015 2017 2020 2025 2028 2030 2034 2035 2036 2038 2039 2040 2041 2045 2100 2105 2110 2115 2117 2140 213D 2305 2315 2350 2353 2405 2415 2453 4800 5701 C010 C011 C030 T010 T011 TL10 TL11 Tija n\u00famero 065-299<\/p>\n","protected":false},"featured_media":5993,"template":"","meta":[],"product_brand":[],"product_cat":[115,120],"product_tag":[28],"class_list":{"0":"post-5992","1":"product","2":"type-product","3":"status-publish","4":"has-post-thumbnail","6":"product_cat-tijas","7":"product_cat-tijas-miyota","8":"product_tag-disponible-para-profesionales","9":"tag-disponible-para-profesionales","12":"first","13":"instock","14":"taxable","15":"shipping-taxable","16":"product-type-simple"},"yoast_head":"<!-- This site is optimized with the Yoast SEO plugin v25.6 - https:\/\/yoast.com\/wordpress\/plugins\/seo\/ -->\n<title>Tijas Miyota 978-28 - Noropal<\/title>\n<meta name=\"robots\" content=\"index, follow, max-snippet:-1, max-image-preview:large, max-video-preview:-1\" \/>\n<link rel=\"canonical\" href=\"https:\/\/noropal.es\/home\/producto\/tijas-miyota-978-28\/\" \/>\n<meta property=\"og:locale\" content=\"es_ES\" \/>\n<meta property=\"og:type\" content=\"article\" \/>\n<meta property=\"og:title\" content=\"Tijas Miyota 978-28 - Noropal\" \/>\n<meta property=\"og:description\" content=\"Calibres 2000 2001 2002 2005 2010 2015 2017 2020 2025 2028 2030 2034 2035 2036 2038 2039 2040 2041 2045 2100 2105 2110 2115 2117 2140 213D 2305 2315 2350 2353 2405 2415 2453 4800 5701 C010 C011 C030 T010 T011 TL10 TL11 Tija n\u00famero 065-299\" \/>\n<meta property=\"og:url\" content=\"https:\/\/noropal.es\/home\/producto\/tijas-miyota-978-28\/\" \/>\n<meta property=\"og:site_name\" content=\"Noropal\" \/>\n<meta property=\"article:modified_time\" content=\"2024-10-14T10:40:15+00:00\" \/>\n<meta property=\"og:image\" content=\"http:\/\/noropal.es\/wp-content\/uploads\/2024\/07\/tijas-miyota-978-28.jpg\" \/>\n\t<meta property=\"og:image:width\" content=\"488\" \/>\n\t<meta property=\"og:image:height\" content=\"482\" \/>\n\t<meta property=\"og:image:type\" content=\"image\/jpeg\" \/>\n<meta name=\"twitter:card\" content=\"summary_large_image\" \/>\n<script type=\"application\/ld+json\" class=\"yoast-schema-graph\">{\"@context\":\"https:\/\/schema.org\",\"@graph\":[{\"@type\":\"WebPage\",\"@id\":\"https:\/\/noropal.es\/home\/producto\/tijas-miyota-978-28\/\",\"url\":\"https:\/\/noropal.es\/home\/producto\/tijas-miyota-978-28\/\",\"name\":\"Tijas Miyota 978-28 - Noropal\",\"isPartOf\":{\"@id\":\"https:\/\/noropal.es\/home\/#website\"},\"primaryImageOfPage\":{\"@id\":\"https:\/\/noropal.es\/home\/producto\/tijas-miyota-978-28\/#primaryimage\"},\"image\":{\"@id\":\"https:\/\/noropal.es\/home\/producto\/tijas-miyota-978-28\/#primaryimage\"},\"thumbnailUrl\":\"https:\/\/noropal.es\/wp-content\/uploads\/2024\/07\/tijas-miyota-978-28.jpg\",\"datePublished\":\"2024-09-26T07:44:45+00:00\",\"dateModified\":\"2024-10-14T10:40:15+00:00\",\"breadcrumb\":{\"@id\":\"https:\/\/noropal.es\/home\/producto\/tijas-miyota-978-28\/#breadcrumb\"},\"inLanguage\":\"es\",\"potentialAction\":[{\"@type\":\"ReadAction\",\"target\":[\"https:\/\/noropal.es\/home\/producto\/tijas-miyota-978-28\/\"]}]},{\"@type\":\"ImageObject\",\"inLanguage\":\"es\",\"@id\":\"https:\/\/noropal.es\/home\/producto\/tijas-miyota-978-28\/#primaryimage\",\"url\":\"https:\/\/noropal.es\/wp-content\/uploads\/2024\/07\/tijas-miyota-978-28.jpg\",\"contentUrl\":\"https:\/\/noropal.es\/wp-content\/uploads\/2024\/07\/tijas-miyota-978-28.jpg\",\"width\":488,\"height\":482},{\"@type\":\"BreadcrumbList\",\"@id\":\"https:\/\/noropal.es\/home\/producto\/tijas-miyota-978-28\/#breadcrumb\",\"itemListElement\":[{\"@type\":\"ListItem\",\"position\":1,\"name\":\"Portada\",\"item\":\"https:\/\/noropal.es\/home\/\"},{\"@type\":\"ListItem\",\"position\":2,\"name\":\"Productos\",\"item\":\"https:\/\/noropal.es\/home\/?post_type=product\"},{\"@type\":\"ListItem\",\"position\":3,\"name\":\"Tijas Miyota 978-28\"}]},{\"@type\":\"WebSite\",\"@id\":\"https:\/\/noropal.es\/home\/#website\",\"url\":\"https:\/\/noropal.es\/home\/\",\"name\":\"Noropal\",\"description\":\"Descubre accesorios y recambios de alta calidad para relojes en Palencia. Atendemos a joyer\u00edas y clientes individuales, con env\u00edo r\u00e1pido.\",\"publisher\":{\"@id\":\"https:\/\/noropal.es\/home\/#organization\"},\"potentialAction\":[{\"@type\":\"SearchAction\",\"target\":{\"@type\":\"EntryPoint\",\"urlTemplate\":\"https:\/\/noropal.es\/home\/?s={search_term_string}\"},\"query-input\":{\"@type\":\"PropertyValueSpecification\",\"valueRequired\":true,\"valueName\":\"search_term_string\"}}],\"inLanguage\":\"es\"},{\"@type\":\"Organization\",\"@id\":\"https:\/\/noropal.es\/home\/#organization\",\"name\":\"Noropal\",\"url\":\"https:\/\/noropal.es\/home\/\",\"logo\":{\"@type\":\"ImageObject\",\"inLanguage\":\"es\",\"@id\":\"https:\/\/noropal.es\/home\/#\/schema\/logo\/image\/\",\"url\":\"https:\/\/noropal.es\/wp-content\/uploads\/2024\/07\/Noropal-removebg-preview-e1721900256892.png\",\"contentUrl\":\"https:\/\/noropal.es\/wp-content\/uploads\/2024\/07\/Noropal-removebg-preview-e1721900256892.png\",\"width\":500,\"height\":71,\"caption\":\"Noropal\"},\"image\":{\"@id\":\"https:\/\/noropal.es\/home\/#\/schema\/logo\/image\/\"}}]}<\/script>\n<!-- \/ Yoast SEO plugin. -->","yoast_head_json":{"title":"Tijas Miyota 978-28 - Noropal","robots":{"index":"index","follow":"follow","max-snippet":"max-snippet:-1","max-image-preview":"max-image-preview:large","max-video-preview":"max-video-preview:-1"},"canonical":"https:\/\/noropal.es\/home\/producto\/tijas-miyota-978-28\/","og_locale":"es_ES","og_type":"article","og_title":"Tijas Miyota 978-28 - Noropal","og_description":"Calibres 2000 2001 2002 2005 2010 2015 2017 2020 2025 2028 2030 2034 2035 2036 2038 2039 2040 2041 2045 2100 2105 2110 2115 2117 2140 213D 2305 2315 2350 2353 2405 2415 2453 4800 5701 C010 C011 C030 T010 T011 TL10 TL11 Tija n\u00famero 065-299","og_url":"https:\/\/noropal.es\/home\/producto\/tijas-miyota-978-28\/","og_site_name":"Noropal","article_modified_time":"2024-10-14T10:40:15+00:00","og_image":[{"width":488,"height":482,"url":"http:\/\/noropal.es\/wp-content\/uploads\/2024\/07\/tijas-miyota-978-28.jpg","type":"image\/jpeg"}],"twitter_card":"summary_large_image","schema":{"@context":"https:\/\/schema.org","@graph":[{"@type":"WebPage","@id":"https:\/\/noropal.es\/home\/producto\/tijas-miyota-978-28\/","url":"https:\/\/noropal.es\/home\/producto\/tijas-miyota-978-28\/","name":"Tijas Miyota 978-28 - Noropal","isPartOf":{"@id":"https:\/\/noropal.es\/home\/#website"},"primaryImageOfPage":{"@id":"https:\/\/noropal.es\/home\/producto\/tijas-miyota-978-28\/#primaryimage"},"image":{"@id":"https:\/\/noropal.es\/home\/producto\/tijas-miyota-978-28\/#primaryimage"},"thumbnailUrl":"https:\/\/noropal.es\/wp-content\/uploads\/2024\/07\/tijas-miyota-978-28.jpg","datePublished":"2024-09-26T07:44:45+00:00","dateModified":"2024-10-14T10:40:15+00:00","breadcrumb":{"@id":"https:\/\/noropal.es\/home\/producto\/tijas-miyota-978-28\/#breadcrumb"},"inLanguage":"es","potentialAction":[{"@type":"ReadAction","target":["https:\/\/noropal.es\/home\/producto\/tijas-miyota-978-28\/"]}]},{"@type":"ImageObject","inLanguage":"es","@id":"https:\/\/noropal.es\/home\/producto\/tijas-miyota-978-28\/#primaryimage","url":"https:\/\/noropal.es\/wp-content\/uploads\/2024\/07\/tijas-miyota-978-28.jpg","contentUrl":"https:\/\/noropal.es\/wp-content\/uploads\/2024\/07\/tijas-miyota-978-28.jpg","width":488,"height":482},{"@type":"BreadcrumbList","@id":"https:\/\/noropal.es\/home\/producto\/tijas-miyota-978-28\/#breadcrumb","itemListElement":[{"@type":"ListItem","position":1,"name":"Portada","item":"https:\/\/noropal.es\/home\/"},{"@type":"ListItem","position":2,"name":"Productos","item":"https:\/\/noropal.es\/home\/?post_type=product"},{"@type":"ListItem","position":3,"name":"Tijas Miyota 978-28"}]},{"@type":"WebSite","@id":"https:\/\/noropal.es\/home\/#website","url":"https:\/\/noropal.es\/home\/","name":"Noropal","description":"Descubre accesorios y recambios de alta calidad para relojes en Palencia. Atendemos a joyer\u00edas y clientes individuales, con env\u00edo r\u00e1pido.","publisher":{"@id":"https:\/\/noropal.es\/home\/#organization"},"potentialAction":[{"@type":"SearchAction","target":{"@type":"EntryPoint","urlTemplate":"https:\/\/noropal.es\/home\/?s={search_term_string}"},"query-input":{"@type":"PropertyValueSpecification","valueRequired":true,"valueName":"search_term_string"}}],"inLanguage":"es"},{"@type":"Organization","@id":"https:\/\/noropal.es\/home\/#organization","name":"Noropal","url":"https:\/\/noropal.es\/home\/","logo":{"@type":"ImageObject","inLanguage":"es","@id":"https:\/\/noropal.es\/home\/#\/schema\/logo\/image\/","url":"https:\/\/noropal.es\/wp-content\/uploads\/2024\/07\/Noropal-removebg-preview-e1721900256892.png","contentUrl":"https:\/\/noropal.es\/wp-content\/uploads\/2024\/07\/Noropal-removebg-preview-e1721900256892.png","width":500,"height":71,"caption":"Noropal"},"image":{"@id":"https:\/\/noropal.es\/home\/#\/schema\/logo\/image\/"}}]}},"tiered_pricing_type":"fixed","tiered_pricing_fixed_rules":[],"tiered_pricing_product_settings":{"layout":"default","base_unit_name":{"singular":null,"plural":null},"default_variation":null},"tiered_pricing_minimum_quantity":null,"tiered_pricing_roles_data":{"profesional":{"product_id":5992,"role":"profesional","pricing_type":"flat","regular_price":0.7,"sale_price":null,"discount":null,"discount_type":"sale_price","tiered_pricing_type":"fixed","percentage_rules":[],"fixed_rules":[],"minimum":3},"mayorista":{"product_id":5992,"role":"mayorista","pricing_type":"flat","regular_price":0.45,"sale_price":null,"discount":null,"discount_type":"sale_price","tiered_pricing_type":"fixed","percentage_rules":[],"fixed_rules":[],"minimum":3}},"tiered_pricing_percentage_rules":[],"tiered_pricing_maximum_quantity":null,"tiered_pricing_quantity_step":null,"_links":{"self":[{"href":"https:\/\/noropal.es\/home\/wp-json\/wp\/v2\/product\/5992","targetHints":{"allow":["GET"]}}],"collection":[{"href":"https:\/\/noropal.es\/home\/wp-json\/wp\/v2\/product"}],"about":[{"href":"https:\/\/noropal.es\/home\/wp-json\/wp\/v2\/types\/product"}],"wp:featuredmedia":[{"embeddable":true,"href":"https:\/\/noropal.es\/home\/wp-json\/wp\/v2\/media\/5993"}],"wp:attachment":[{"href":"https:\/\/noropal.es\/home\/wp-json\/wp\/v2\/media?parent=5992"}],"wp:term":[{"taxonomy":"product_brand","embeddable":true,"href":"https:\/\/noropal.es\/home\/wp-json\/wp\/v2\/product_brand?post=5992"},{"taxonomy":"product_cat","embeddable":true,"href":"https:\/\/noropal.es\/home\/wp-json\/wp\/v2\/product_cat?post=5992"},{"taxonomy":"product_tag","embeddable":true,"href":"https:\/\/noropal.es\/home\/wp-json\/wp\/v2\/product_tag?post=5992"}],"curies":[{"name":"wp","href":"https:\/\/api.w.org\/{rel}","templated":true}]}}