{"id":6692,"date":"2024-09-26T06:19:51","date_gmt":"2024-09-26T06:19:51","guid":{"rendered":"http:\/\/tienda.noropal.es\/home\/producto\/acumulador-citizen-295-53\/"},"modified":"2024-10-14T10:06:28","modified_gmt":"2024-10-14T10:06:28","slug":"acumulador-citizen-295-53","status":"publish","type":"product","link":"https:\/\/noropal.es\/home\/producto\/acumulador-citizen-295-53\/","title":{"rendered":"Acumulador Citizen 295.53"},"content":{"rendered":"<p>ACUMULADOR CITIZEN 295.53 (2025)<\/p>\n<p>CALIBRES D600<\/p>\n<p>Despu\u00e9s de instalar un condensador nuevo en su reloj, deber\u00e1 exponerlo a la luz.\u00a0La carga del condensador puede tardar horas.\u00a0Un reloj debe cargarse completamente antes de volver a usarlo.\u00a0Algunos modelos requieren hasta 5 horas de luz solar directa y otros requieren una fuente de luz de 3000 Lux.\u00a0Consulte el manual del propietario para obtener instrucciones precisas.<\/p>\n","protected":false},"excerpt":{"rendered":"<p>ACUMULADOR CITIZEN 295.53 (2025) CALIBRES D600 Despu\u00e9s de instalar un condensador nuevo en su reloj, deber\u00e1 exponerlo a la luz.\u00a0La carga del condensador puede tardar horas.\u00a0Un reloj debe cargarse completamente antes de volver a usarlo.\u00a0Algunos modelos requieren hasta 5 horas de luz solar directa y otros requieren una fuente de luz de 3000 Lux.\u00a0Consulte el [&hellip;]<\/p>\n","protected":false},"featured_media":6693,"template":"","meta":[],"product_brand":[],"product_cat":[135,137],"product_tag":[28],"class_list":{"0":"post-6692","1":"product","2":"type-product","3":"status-publish","4":"has-post-thumbnail","6":"product_cat-acumuladores","7":"product_cat-acumuladores-citizen","8":"product_tag-disponible-para-profesionales","9":"tag-disponible-para-profesionales","12":"first","13":"instock","14":"taxable","15":"shipping-taxable","16":"product-type-simple"},"yoast_head":"<!-- This site is optimized with the Yoast SEO plugin v25.6 - https:\/\/yoast.com\/wordpress\/plugins\/seo\/ -->\n<title>Acumulador Citizen 295.53 - Noropal<\/title>\n<meta name=\"robots\" content=\"index, follow, max-snippet:-1, max-image-preview:large, max-video-preview:-1\" \/>\n<link rel=\"canonical\" href=\"https:\/\/noropal.es\/home\/producto\/acumulador-citizen-295-53\/\" \/>\n<meta property=\"og:locale\" content=\"es_ES\" \/>\n<meta property=\"og:type\" content=\"article\" \/>\n<meta property=\"og:title\" content=\"Acumulador Citizen 295.53 - Noropal\" \/>\n<meta property=\"og:description\" content=\"ACUMULADOR CITIZEN 295.53 (2025) CALIBRES D600 Despu\u00e9s de instalar un condensador nuevo en su reloj, deber\u00e1 exponerlo a la luz.\u00a0La carga del condensador puede tardar horas.\u00a0Un reloj debe cargarse completamente antes de volver a usarlo.\u00a0Algunos modelos requieren hasta 5 horas de luz solar directa y otros requieren una fuente de luz de 3000 Lux.\u00a0Consulte el [&hellip;]\" \/>\n<meta property=\"og:url\" content=\"https:\/\/noropal.es\/home\/producto\/acumulador-citizen-295-53\/\" \/>\n<meta property=\"og:site_name\" content=\"Noropal\" \/>\n<meta property=\"article:modified_time\" content=\"2024-10-14T10:06:28+00:00\" \/>\n<meta property=\"og:image\" content=\"http:\/\/noropal.es\/wp-content\/uploads\/2024\/07\/acumulador-citizen-29553.png\" \/>\n\t<meta property=\"og:image:width\" content=\"183\" \/>\n\t<meta property=\"og:image:height\" content=\"186\" \/>\n\t<meta property=\"og:image:type\" content=\"image\/png\" \/>\n<meta name=\"twitter:card\" content=\"summary_large_image\" \/>\n<script type=\"application\/ld+json\" class=\"yoast-schema-graph\">{\"@context\":\"https:\/\/schema.org\",\"@graph\":[{\"@type\":\"WebPage\",\"@id\":\"https:\/\/noropal.es\/home\/producto\/acumulador-citizen-295-53\/\",\"url\":\"https:\/\/noropal.es\/home\/producto\/acumulador-citizen-295-53\/\",\"name\":\"Acumulador Citizen 295.53 - Noropal\",\"isPartOf\":{\"@id\":\"https:\/\/noropal.es\/home\/#website\"},\"primaryImageOfPage\":{\"@id\":\"https:\/\/noropal.es\/home\/producto\/acumulador-citizen-295-53\/#primaryimage\"},\"image\":{\"@id\":\"https:\/\/noropal.es\/home\/producto\/acumulador-citizen-295-53\/#primaryimage\"},\"thumbnailUrl\":\"https:\/\/noropal.es\/wp-content\/uploads\/2024\/07\/acumulador-citizen-29553.png\",\"datePublished\":\"2024-09-26T06:19:51+00:00\",\"dateModified\":\"2024-10-14T10:06:28+00:00\",\"breadcrumb\":{\"@id\":\"https:\/\/noropal.es\/home\/producto\/acumulador-citizen-295-53\/#breadcrumb\"},\"inLanguage\":\"es\",\"potentialAction\":[{\"@type\":\"ReadAction\",\"target\":[\"https:\/\/noropal.es\/home\/producto\/acumulador-citizen-295-53\/\"]}]},{\"@type\":\"ImageObject\",\"inLanguage\":\"es\",\"@id\":\"https:\/\/noropal.es\/home\/producto\/acumulador-citizen-295-53\/#primaryimage\",\"url\":\"https:\/\/noropal.es\/wp-content\/uploads\/2024\/07\/acumulador-citizen-29553.png\",\"contentUrl\":\"https:\/\/noropal.es\/wp-content\/uploads\/2024\/07\/acumulador-citizen-29553.png\",\"width\":183,\"height\":186},{\"@type\":\"BreadcrumbList\",\"@id\":\"https:\/\/noropal.es\/home\/producto\/acumulador-citizen-295-53\/#breadcrumb\",\"itemListElement\":[{\"@type\":\"ListItem\",\"position\":1,\"name\":\"Portada\",\"item\":\"https:\/\/noropal.es\/home\/\"},{\"@type\":\"ListItem\",\"position\":2,\"name\":\"Productos\",\"item\":\"https:\/\/noropal.es\/home\/?post_type=product\"},{\"@type\":\"ListItem\",\"position\":3,\"name\":\"Acumulador Citizen 295.53\"}]},{\"@type\":\"WebSite\",\"@id\":\"https:\/\/noropal.es\/home\/#website\",\"url\":\"https:\/\/noropal.es\/home\/\",\"name\":\"Noropal\",\"description\":\"Descubre accesorios y recambios de alta calidad para relojes en Palencia. Atendemos a joyer\u00edas y clientes individuales, con env\u00edo r\u00e1pido.\",\"publisher\":{\"@id\":\"https:\/\/noropal.es\/home\/#organization\"},\"potentialAction\":[{\"@type\":\"SearchAction\",\"target\":{\"@type\":\"EntryPoint\",\"urlTemplate\":\"https:\/\/noropal.es\/home\/?s={search_term_string}\"},\"query-input\":{\"@type\":\"PropertyValueSpecification\",\"valueRequired\":true,\"valueName\":\"search_term_string\"}}],\"inLanguage\":\"es\"},{\"@type\":\"Organization\",\"@id\":\"https:\/\/noropal.es\/home\/#organization\",\"name\":\"Noropal\",\"url\":\"https:\/\/noropal.es\/home\/\",\"logo\":{\"@type\":\"ImageObject\",\"inLanguage\":\"es\",\"@id\":\"https:\/\/noropal.es\/home\/#\/schema\/logo\/image\/\",\"url\":\"https:\/\/noropal.es\/wp-content\/uploads\/2024\/07\/Noropal-removebg-preview-e1721900256892.png\",\"contentUrl\":\"https:\/\/noropal.es\/wp-content\/uploads\/2024\/07\/Noropal-removebg-preview-e1721900256892.png\",\"width\":500,\"height\":71,\"caption\":\"Noropal\"},\"image\":{\"@id\":\"https:\/\/noropal.es\/home\/#\/schema\/logo\/image\/\"}}]}<\/script>\n<!-- \/ Yoast SEO plugin. -->","yoast_head_json":{"title":"Acumulador Citizen 295.53 - Noropal","robots":{"index":"index","follow":"follow","max-snippet":"max-snippet:-1","max-image-preview":"max-image-preview:large","max-video-preview":"max-video-preview:-1"},"canonical":"https:\/\/noropal.es\/home\/producto\/acumulador-citizen-295-53\/","og_locale":"es_ES","og_type":"article","og_title":"Acumulador Citizen 295.53 - Noropal","og_description":"ACUMULADOR CITIZEN 295.53 (2025) CALIBRES D600 Despu\u00e9s de instalar un condensador nuevo en su reloj, deber\u00e1 exponerlo a la luz.\u00a0La carga del condensador puede tardar horas.\u00a0Un reloj debe cargarse completamente antes de volver a usarlo.\u00a0Algunos modelos requieren hasta 5 horas de luz solar directa y otros requieren una fuente de luz de 3000 Lux.\u00a0Consulte el [&hellip;]","og_url":"https:\/\/noropal.es\/home\/producto\/acumulador-citizen-295-53\/","og_site_name":"Noropal","article_modified_time":"2024-10-14T10:06:28+00:00","og_image":[{"width":183,"height":186,"url":"http:\/\/noropal.es\/wp-content\/uploads\/2024\/07\/acumulador-citizen-29553.png","type":"image\/png"}],"twitter_card":"summary_large_image","schema":{"@context":"https:\/\/schema.org","@graph":[{"@type":"WebPage","@id":"https:\/\/noropal.es\/home\/producto\/acumulador-citizen-295-53\/","url":"https:\/\/noropal.es\/home\/producto\/acumulador-citizen-295-53\/","name":"Acumulador Citizen 295.53 - Noropal","isPartOf":{"@id":"https:\/\/noropal.es\/home\/#website"},"primaryImageOfPage":{"@id":"https:\/\/noropal.es\/home\/producto\/acumulador-citizen-295-53\/#primaryimage"},"image":{"@id":"https:\/\/noropal.es\/home\/producto\/acumulador-citizen-295-53\/#primaryimage"},"thumbnailUrl":"https:\/\/noropal.es\/wp-content\/uploads\/2024\/07\/acumulador-citizen-29553.png","datePublished":"2024-09-26T06:19:51+00:00","dateModified":"2024-10-14T10:06:28+00:00","breadcrumb":{"@id":"https:\/\/noropal.es\/home\/producto\/acumulador-citizen-295-53\/#breadcrumb"},"inLanguage":"es","potentialAction":[{"@type":"ReadAction","target":["https:\/\/noropal.es\/home\/producto\/acumulador-citizen-295-53\/"]}]},{"@type":"ImageObject","inLanguage":"es","@id":"https:\/\/noropal.es\/home\/producto\/acumulador-citizen-295-53\/#primaryimage","url":"https:\/\/noropal.es\/wp-content\/uploads\/2024\/07\/acumulador-citizen-29553.png","contentUrl":"https:\/\/noropal.es\/wp-content\/uploads\/2024\/07\/acumulador-citizen-29553.png","width":183,"height":186},{"@type":"BreadcrumbList","@id":"https:\/\/noropal.es\/home\/producto\/acumulador-citizen-295-53\/#breadcrumb","itemListElement":[{"@type":"ListItem","position":1,"name":"Portada","item":"https:\/\/noropal.es\/home\/"},{"@type":"ListItem","position":2,"name":"Productos","item":"https:\/\/noropal.es\/home\/?post_type=product"},{"@type":"ListItem","position":3,"name":"Acumulador Citizen 295.53"}]},{"@type":"WebSite","@id":"https:\/\/noropal.es\/home\/#website","url":"https:\/\/noropal.es\/home\/","name":"Noropal","description":"Descubre accesorios y recambios de alta calidad para relojes en Palencia. Atendemos a joyer\u00edas y clientes individuales, con env\u00edo r\u00e1pido.","publisher":{"@id":"https:\/\/noropal.es\/home\/#organization"},"potentialAction":[{"@type":"SearchAction","target":{"@type":"EntryPoint","urlTemplate":"https:\/\/noropal.es\/home\/?s={search_term_string}"},"query-input":{"@type":"PropertyValueSpecification","valueRequired":true,"valueName":"search_term_string"}}],"inLanguage":"es"},{"@type":"Organization","@id":"https:\/\/noropal.es\/home\/#organization","name":"Noropal","url":"https:\/\/noropal.es\/home\/","logo":{"@type":"ImageObject","inLanguage":"es","@id":"https:\/\/noropal.es\/home\/#\/schema\/logo\/image\/","url":"https:\/\/noropal.es\/wp-content\/uploads\/2024\/07\/Noropal-removebg-preview-e1721900256892.png","contentUrl":"https:\/\/noropal.es\/wp-content\/uploads\/2024\/07\/Noropal-removebg-preview-e1721900256892.png","width":500,"height":71,"caption":"Noropal"},"image":{"@id":"https:\/\/noropal.es\/home\/#\/schema\/logo\/image\/"}}]}},"tiered_pricing_type":"fixed","tiered_pricing_fixed_rules":[],"tiered_pricing_product_settings":{"layout":"default","base_unit_name":{"singular":null,"plural":null},"default_variation":null},"tiered_pricing_minimum_quantity":null,"tiered_pricing_roles_data":{"profesional":{"product_id":6692,"role":"profesional","pricing_type":"flat","regular_price":21.1,"sale_price":null,"discount":null,"discount_type":"sale_price","tiered_pricing_type":"fixed","percentage_rules":[],"fixed_rules":[],"minimum":null},"mayorista":{"product_id":6692,"role":"mayorista","pricing_type":"flat","regular_price":18.95,"sale_price":null,"discount":null,"discount_type":"sale_price","tiered_pricing_type":"fixed","percentage_rules":[],"fixed_rules":[],"minimum":null}},"tiered_pricing_percentage_rules":[],"tiered_pricing_maximum_quantity":null,"tiered_pricing_quantity_step":null,"_links":{"self":[{"href":"https:\/\/noropal.es\/home\/wp-json\/wp\/v2\/product\/6692","targetHints":{"allow":["GET"]}}],"collection":[{"href":"https:\/\/noropal.es\/home\/wp-json\/wp\/v2\/product"}],"about":[{"href":"https:\/\/noropal.es\/home\/wp-json\/wp\/v2\/types\/product"}],"wp:featuredmedia":[{"embeddable":true,"href":"https:\/\/noropal.es\/home\/wp-json\/wp\/v2\/media\/6693"}],"wp:attachment":[{"href":"https:\/\/noropal.es\/home\/wp-json\/wp\/v2\/media?parent=6692"}],"wp:term":[{"taxonomy":"product_brand","embeddable":true,"href":"https:\/\/noropal.es\/home\/wp-json\/wp\/v2\/product_brand?post=6692"},{"taxonomy":"product_cat","embeddable":true,"href":"https:\/\/noropal.es\/home\/wp-json\/wp\/v2\/product_cat?post=6692"},{"taxonomy":"product_tag","embeddable":true,"href":"https:\/\/noropal.es\/home\/wp-json\/wp\/v2\/product_tag?post=6692"}],"curies":[{"name":"wp","href":"https:\/\/api.w.org\/{rel}","templated":true}]}}