{"id":6696,"date":"2024-09-26T06:19:51","date_gmt":"2024-09-26T06:19:51","guid":{"rendered":"http:\/\/tienda.noropal.es\/home\/producto\/acumulador-citizen-295-56-40\/"},"modified":"2025-09-11T08:49:19","modified_gmt":"2025-09-11T08:49:19","slug":"acumulador-citizen-295-56-40","status":"publish","type":"product","link":"https:\/\/noropal.es\/home\/producto\/acumulador-citizen-295-56-40\/","title":{"rendered":"Acumulador Citizen 295.56\/40"},"content":{"rendered":"<p>ACUMULADOR CITIZEN 295.40 &#8211; 295.56 (MT920A)<\/p>\n<p>CALIBRES\u00a0Citizen 7821A, Citizen 7828A, Citizen 7871A, Citizen 7873A, Citizen 7876A, Citizen 7878A, Citizen 7879A, Citizen A710G, Citizen A715G, Citizen A730G, Citizen A735G, Citizen A780G, Citizen A784G, Citizen A786G, Citizen B090, Citizen B510Z, Citizen B515Z, Citizen B560M, Citizen B612, Citizen B690M, Citizen B740M, Citizen B741M, Citizen B745M, Citizen B800M, Citizen B810M, Citizen B870M, Citizen B872M, Citizen B873M, Citizen B874M, Citizen B876M, Citizen B877M, Citizen B910M, Citizen C650, Citizen C651, Citizen C652, Citizen C660, Citizen E510G, Citizen E511G, Citizen E710M, Citizen E711M, Citizen E712M, Citizen E715M, Citizen E716M, Citizen E717M, Citizen E760M, Citizen E760N, Citizen E761M, Citizen E761N, Citizen E765M, Citizen E766M, Citizen E767M, Citizen E768M, Citizen E810M, Citizen E811M, Citizen E812M, Citizen E816M, Citizen E817M, Citizen E820M, Citizen E860M, Citizen E865M, Citizen E870M, Citizen H410M, Citizen H411M, Citizen H412M, Citizen H414M, Citizen H415M, Citizen H416M, Citizen H417M, Citizen H419M, Citizen H430M, Citizen H434M, Citizen H435M, Citizen H437M, Citizen H438M, Citizen H460M, Citizen H461M, Citizen H465M, Citizen H466M, Citizen H485M, Citizen H486M, Citizen H490M, Citizen H492M, Citizen H495M, Citizen H496M, Citizen H497M, Citizen J304M, Miyota 7W21, Miyota 7W71, Miyota BR10.<\/p>\n<p>Despu\u00e9s de instalar un condensador nuevo en su reloj, deber\u00e1 exponerlo a la luz.\u00a0La carga del condensador puede tardar horas.\u00a0Un reloj debe cargarse completamente antes de volver a usarlo.\u00a0Algunos modelos requieren hasta 5 horas de luz solar directa y otros requieren una fuente de luz de 3000 Lux.\u00a0Consulte el manual del propietario para obtener instrucciones precisas.<\/p>\n","protected":false},"excerpt":{"rendered":"<p>ACUMULADOR CITIZEN 295.40 &#8211; 295.56 (MT920A) CALIBRES\u00a0Citizen 7821A, Citizen 7828A, Citizen 7871A, Citizen 7873A, Citizen 7876A, Citizen 7878A, Citizen 7879A, Citizen A710G, Citizen A715G, Citizen A730G, Citizen A735G, Citizen A780G, Citizen A784G, Citizen A786G, Citizen B090, Citizen B510Z, Citizen B515Z, Citizen B560M, Citizen B612, Citizen B690M, Citizen B740M, Citizen B741M, Citizen B745M, Citizen B800M, Citizen [&hellip;]<\/p>\n","protected":false},"featured_media":9358,"template":"","meta":[],"product_brand":[],"product_cat":[135,137],"product_tag":[28],"class_list":{"0":"post-6696","1":"product","2":"type-product","3":"status-publish","4":"has-post-thumbnail","6":"product_cat-acumuladores","7":"product_cat-acumuladores-citizen","8":"product_tag-disponible-para-profesionales","9":"tag-disponible-para-profesionales","12":"first","13":"instock","14":"taxable","15":"shipping-taxable","16":"product-type-simple"},"yoast_head":"<!-- This site is optimized with the Yoast SEO plugin v25.6 - https:\/\/yoast.com\/wordpress\/plugins\/seo\/ -->\n<title>Acumulador Citizen 295.56\/40 - Noropal<\/title>\n<meta name=\"robots\" content=\"index, follow, max-snippet:-1, max-image-preview:large, max-video-preview:-1\" \/>\n<link rel=\"canonical\" href=\"https:\/\/noropal.es\/home\/producto\/acumulador-citizen-295-56-40\/\" \/>\n<meta property=\"og:locale\" content=\"es_ES\" \/>\n<meta property=\"og:type\" content=\"article\" \/>\n<meta property=\"og:title\" content=\"Acumulador Citizen 295.56\/40 - Noropal\" \/>\n<meta property=\"og:description\" content=\"ACUMULADOR CITIZEN 295.40 &#8211; 295.56 (MT920A) CALIBRES\u00a0Citizen 7821A, Citizen 7828A, Citizen 7871A, Citizen 7873A, Citizen 7876A, Citizen 7878A, Citizen 7879A, Citizen A710G, Citizen A715G, Citizen A730G, Citizen A735G, Citizen A780G, Citizen A784G, Citizen A786G, Citizen B090, Citizen B510Z, Citizen B515Z, Citizen B560M, Citizen B612, Citizen B690M, Citizen B740M, Citizen B741M, Citizen B745M, Citizen B800M, Citizen [&hellip;]\" \/>\n<meta property=\"og:url\" content=\"https:\/\/noropal.es\/home\/producto\/acumulador-citizen-295-56-40\/\" \/>\n<meta property=\"og:site_name\" content=\"Noropal\" \/>\n<meta property=\"article:modified_time\" content=\"2025-09-11T08:49:19+00:00\" \/>\n<meta property=\"og:image\" content=\"http:\/\/noropal.es\/wp-content\/uploads\/2024\/09\/295.40-56.jpg\" \/>\n\t<meta property=\"og:image:width\" content=\"432\" \/>\n\t<meta property=\"og:image:height\" content=\"309\" \/>\n\t<meta property=\"og:image:type\" content=\"image\/jpeg\" \/>\n<meta name=\"twitter:card\" content=\"summary_large_image\" \/>\n<meta name=\"twitter:label1\" content=\"Tiempo de lectura\" \/>\n\t<meta name=\"twitter:data1\" content=\"2 minutos\" \/>\n<script type=\"application\/ld+json\" class=\"yoast-schema-graph\">{\"@context\":\"https:\/\/schema.org\",\"@graph\":[{\"@type\":\"WebPage\",\"@id\":\"https:\/\/noropal.es\/home\/producto\/acumulador-citizen-295-56-40\/\",\"url\":\"https:\/\/noropal.es\/home\/producto\/acumulador-citizen-295-56-40\/\",\"name\":\"Acumulador Citizen 295.56\/40 - Noropal\",\"isPartOf\":{\"@id\":\"https:\/\/noropal.es\/home\/#website\"},\"primaryImageOfPage\":{\"@id\":\"https:\/\/noropal.es\/home\/producto\/acumulador-citizen-295-56-40\/#primaryimage\"},\"image\":{\"@id\":\"https:\/\/noropal.es\/home\/producto\/acumulador-citizen-295-56-40\/#primaryimage\"},\"thumbnailUrl\":\"https:\/\/noropal.es\/wp-content\/uploads\/2024\/09\/295.40-56.jpg\",\"datePublished\":\"2024-09-26T06:19:51+00:00\",\"dateModified\":\"2025-09-11T08:49:19+00:00\",\"breadcrumb\":{\"@id\":\"https:\/\/noropal.es\/home\/producto\/acumulador-citizen-295-56-40\/#breadcrumb\"},\"inLanguage\":\"es\",\"potentialAction\":[{\"@type\":\"ReadAction\",\"target\":[\"https:\/\/noropal.es\/home\/producto\/acumulador-citizen-295-56-40\/\"]}]},{\"@type\":\"ImageObject\",\"inLanguage\":\"es\",\"@id\":\"https:\/\/noropal.es\/home\/producto\/acumulador-citizen-295-56-40\/#primaryimage\",\"url\":\"https:\/\/noropal.es\/wp-content\/uploads\/2024\/09\/295.40-56.jpg\",\"contentUrl\":\"https:\/\/noropal.es\/wp-content\/uploads\/2024\/09\/295.40-56.jpg\",\"width\":432,\"height\":309},{\"@type\":\"BreadcrumbList\",\"@id\":\"https:\/\/noropal.es\/home\/producto\/acumulador-citizen-295-56-40\/#breadcrumb\",\"itemListElement\":[{\"@type\":\"ListItem\",\"position\":1,\"name\":\"Portada\",\"item\":\"https:\/\/noropal.es\/home\/\"},{\"@type\":\"ListItem\",\"position\":2,\"name\":\"Productos\",\"item\":\"https:\/\/noropal.es\/home\/?post_type=product\"},{\"@type\":\"ListItem\",\"position\":3,\"name\":\"Acumulador Citizen 295.56\/40\"}]},{\"@type\":\"WebSite\",\"@id\":\"https:\/\/noropal.es\/home\/#website\",\"url\":\"https:\/\/noropal.es\/home\/\",\"name\":\"Noropal\",\"description\":\"Descubre accesorios y recambios de alta calidad para relojes en Palencia. Atendemos a joyer\u00edas y clientes individuales, con env\u00edo r\u00e1pido.\",\"publisher\":{\"@id\":\"https:\/\/noropal.es\/home\/#organization\"},\"potentialAction\":[{\"@type\":\"SearchAction\",\"target\":{\"@type\":\"EntryPoint\",\"urlTemplate\":\"https:\/\/noropal.es\/home\/?s={search_term_string}\"},\"query-input\":{\"@type\":\"PropertyValueSpecification\",\"valueRequired\":true,\"valueName\":\"search_term_string\"}}],\"inLanguage\":\"es\"},{\"@type\":\"Organization\",\"@id\":\"https:\/\/noropal.es\/home\/#organization\",\"name\":\"Noropal\",\"url\":\"https:\/\/noropal.es\/home\/\",\"logo\":{\"@type\":\"ImageObject\",\"inLanguage\":\"es\",\"@id\":\"https:\/\/noropal.es\/home\/#\/schema\/logo\/image\/\",\"url\":\"https:\/\/noropal.es\/wp-content\/uploads\/2024\/07\/Noropal-removebg-preview-e1721900256892.png\",\"contentUrl\":\"https:\/\/noropal.es\/wp-content\/uploads\/2024\/07\/Noropal-removebg-preview-e1721900256892.png\",\"width\":500,\"height\":71,\"caption\":\"Noropal\"},\"image\":{\"@id\":\"https:\/\/noropal.es\/home\/#\/schema\/logo\/image\/\"}}]}<\/script>\n<!-- \/ Yoast SEO plugin. -->","yoast_head_json":{"title":"Acumulador Citizen 295.56\/40 - Noropal","robots":{"index":"index","follow":"follow","max-snippet":"max-snippet:-1","max-image-preview":"max-image-preview:large","max-video-preview":"max-video-preview:-1"},"canonical":"https:\/\/noropal.es\/home\/producto\/acumulador-citizen-295-56-40\/","og_locale":"es_ES","og_type":"article","og_title":"Acumulador Citizen 295.56\/40 - Noropal","og_description":"ACUMULADOR CITIZEN 295.40 &#8211; 295.56 (MT920A) CALIBRES\u00a0Citizen 7821A, Citizen 7828A, Citizen 7871A, Citizen 7873A, Citizen 7876A, Citizen 7878A, Citizen 7879A, Citizen A710G, Citizen A715G, Citizen A730G, Citizen A735G, Citizen A780G, Citizen A784G, Citizen A786G, Citizen B090, Citizen B510Z, Citizen B515Z, Citizen B560M, Citizen B612, Citizen B690M, Citizen B740M, Citizen B741M, Citizen B745M, Citizen B800M, Citizen [&hellip;]","og_url":"https:\/\/noropal.es\/home\/producto\/acumulador-citizen-295-56-40\/","og_site_name":"Noropal","article_modified_time":"2025-09-11T08:49:19+00:00","og_image":[{"width":432,"height":309,"url":"http:\/\/noropal.es\/wp-content\/uploads\/2024\/09\/295.40-56.jpg","type":"image\/jpeg"}],"twitter_card":"summary_large_image","twitter_misc":{"Tiempo de lectura":"2 minutos"},"schema":{"@context":"https:\/\/schema.org","@graph":[{"@type":"WebPage","@id":"https:\/\/noropal.es\/home\/producto\/acumulador-citizen-295-56-40\/","url":"https:\/\/noropal.es\/home\/producto\/acumulador-citizen-295-56-40\/","name":"Acumulador Citizen 295.56\/40 - Noropal","isPartOf":{"@id":"https:\/\/noropal.es\/home\/#website"},"primaryImageOfPage":{"@id":"https:\/\/noropal.es\/home\/producto\/acumulador-citizen-295-56-40\/#primaryimage"},"image":{"@id":"https:\/\/noropal.es\/home\/producto\/acumulador-citizen-295-56-40\/#primaryimage"},"thumbnailUrl":"https:\/\/noropal.es\/wp-content\/uploads\/2024\/09\/295.40-56.jpg","datePublished":"2024-09-26T06:19:51+00:00","dateModified":"2025-09-11T08:49:19+00:00","breadcrumb":{"@id":"https:\/\/noropal.es\/home\/producto\/acumulador-citizen-295-56-40\/#breadcrumb"},"inLanguage":"es","potentialAction":[{"@type":"ReadAction","target":["https:\/\/noropal.es\/home\/producto\/acumulador-citizen-295-56-40\/"]}]},{"@type":"ImageObject","inLanguage":"es","@id":"https:\/\/noropal.es\/home\/producto\/acumulador-citizen-295-56-40\/#primaryimage","url":"https:\/\/noropal.es\/wp-content\/uploads\/2024\/09\/295.40-56.jpg","contentUrl":"https:\/\/noropal.es\/wp-content\/uploads\/2024\/09\/295.40-56.jpg","width":432,"height":309},{"@type":"BreadcrumbList","@id":"https:\/\/noropal.es\/home\/producto\/acumulador-citizen-295-56-40\/#breadcrumb","itemListElement":[{"@type":"ListItem","position":1,"name":"Portada","item":"https:\/\/noropal.es\/home\/"},{"@type":"ListItem","position":2,"name":"Productos","item":"https:\/\/noropal.es\/home\/?post_type=product"},{"@type":"ListItem","position":3,"name":"Acumulador Citizen 295.56\/40"}]},{"@type":"WebSite","@id":"https:\/\/noropal.es\/home\/#website","url":"https:\/\/noropal.es\/home\/","name":"Noropal","description":"Descubre accesorios y recambios de alta calidad para relojes en Palencia. Atendemos a joyer\u00edas y clientes individuales, con env\u00edo r\u00e1pido.","publisher":{"@id":"https:\/\/noropal.es\/home\/#organization"},"potentialAction":[{"@type":"SearchAction","target":{"@type":"EntryPoint","urlTemplate":"https:\/\/noropal.es\/home\/?s={search_term_string}"},"query-input":{"@type":"PropertyValueSpecification","valueRequired":true,"valueName":"search_term_string"}}],"inLanguage":"es"},{"@type":"Organization","@id":"https:\/\/noropal.es\/home\/#organization","name":"Noropal","url":"https:\/\/noropal.es\/home\/","logo":{"@type":"ImageObject","inLanguage":"es","@id":"https:\/\/noropal.es\/home\/#\/schema\/logo\/image\/","url":"https:\/\/noropal.es\/wp-content\/uploads\/2024\/07\/Noropal-removebg-preview-e1721900256892.png","contentUrl":"https:\/\/noropal.es\/wp-content\/uploads\/2024\/07\/Noropal-removebg-preview-e1721900256892.png","width":500,"height":71,"caption":"Noropal"},"image":{"@id":"https:\/\/noropal.es\/home\/#\/schema\/logo\/image\/"}}]}},"tiered_pricing_type":"fixed","tiered_pricing_fixed_rules":[],"tiered_pricing_product_settings":{"layout":"default","base_unit_name":{"singular":null,"plural":null},"default_variation":null},"tiered_pricing_minimum_quantity":null,"tiered_pricing_roles_data":{"profesional":{"product_id":6696,"role":"profesional","pricing_type":"flat","regular_price":16.8,"sale_price":null,"discount":null,"discount_type":"sale_price","tiered_pricing_type":"fixed","percentage_rules":[],"fixed_rules":[],"minimum":null},"mayorista":{"product_id":6696,"role":"mayorista","pricing_type":"flat","regular_price":14.95,"sale_price":null,"discount":null,"discount_type":"sale_price","tiered_pricing_type":"fixed","percentage_rules":[],"fixed_rules":[],"minimum":null}},"tiered_pricing_percentage_rules":[],"tiered_pricing_maximum_quantity":null,"tiered_pricing_quantity_step":null,"_links":{"self":[{"href":"https:\/\/noropal.es\/home\/wp-json\/wp\/v2\/product\/6696","targetHints":{"allow":["GET"]}}],"collection":[{"href":"https:\/\/noropal.es\/home\/wp-json\/wp\/v2\/product"}],"about":[{"href":"https:\/\/noropal.es\/home\/wp-json\/wp\/v2\/types\/product"}],"wp:featuredmedia":[{"embeddable":true,"href":"https:\/\/noropal.es\/home\/wp-json\/wp\/v2\/media\/9358"}],"wp:attachment":[{"href":"https:\/\/noropal.es\/home\/wp-json\/wp\/v2\/media?parent=6696"}],"wp:term":[{"taxonomy":"product_brand","embeddable":true,"href":"https:\/\/noropal.es\/home\/wp-json\/wp\/v2\/product_brand?post=6696"},{"taxonomy":"product_cat","embeddable":true,"href":"https:\/\/noropal.es\/home\/wp-json\/wp\/v2\/product_cat?post=6696"},{"taxonomy":"product_tag","embeddable":true,"href":"https:\/\/noropal.es\/home\/wp-json\/wp\/v2\/product_tag?post=6696"}],"curies":[{"name":"wp","href":"https:\/\/api.w.org\/{rel}","templated":true}]}}