{"id":6738,"date":"2024-09-26T07:33:01","date_gmt":"2024-09-26T07:33:01","guid":{"rendered":"http:\/\/tienda.noropal.es\/home\/producto\/pegamento-seiko-s-314-uv\/"},"modified":"2025-10-09T09:28:08","modified_gmt":"2025-10-09T09:28:08","slug":"pegamento-seiko-s-314-uv","status":"publish","type":"product","link":"https:\/\/noropal.es\/home\/producto\/pegamento-seiko-s-314-uv\/","title":{"rendered":"Pegamento Seiko S-314 (Uv)"},"content":{"rendered":"<p>Para unir vidrio y metal.<\/p>\n<p>Pegamento transparente para usar con luz ultravioleta con l\u00e1mpara de polimerizaci\u00f3n.<\/p>\n","protected":false},"excerpt":{"rendered":"<p>Para unir vidrio y metal. Pegamento transparente para usar con luz ultravioleta con l\u00e1mpara de polimerizaci\u00f3n.<\/p>\n","protected":false},"featured_media":6739,"template":"","meta":[],"product_brand":[],"product_cat":[139,140],"product_tag":[28],"class_list":{"0":"post-6738","1":"product","2":"type-product","3":"status-publish","4":"has-post-thumbnail","6":"product_cat-herramientas-y-consumibles","7":"product_cat-pegamentos","8":"product_tag-disponible-para-profesionales","9":"tag-disponible-para-profesionales","12":"first","13":"instock","14":"taxable","15":"shipping-taxable","16":"product-type-simple"},"yoast_head":"<!-- This site is optimized with the Yoast SEO plugin v25.6 - https:\/\/yoast.com\/wordpress\/plugins\/seo\/ -->\n<title>Pegamento Seiko S-314 (Uv) - Noropal<\/title>\n<meta name=\"robots\" content=\"index, follow, max-snippet:-1, max-image-preview:large, max-video-preview:-1\" \/>\n<link rel=\"canonical\" href=\"https:\/\/noropal.es\/home\/producto\/pegamento-seiko-s-314-uv\/\" \/>\n<meta property=\"og:locale\" content=\"es_ES\" \/>\n<meta property=\"og:type\" content=\"article\" \/>\n<meta property=\"og:title\" content=\"Pegamento Seiko S-314 (Uv) - Noropal\" \/>\n<meta property=\"og:description\" content=\"Para unir vidrio y metal. Pegamento transparente para usar con luz ultravioleta con l\u00e1mpara de polimerizaci\u00f3n.\" \/>\n<meta property=\"og:url\" content=\"https:\/\/noropal.es\/home\/producto\/pegamento-seiko-s-314-uv\/\" \/>\n<meta property=\"og:site_name\" content=\"Noropal\" \/>\n<meta property=\"article:modified_time\" content=\"2025-10-09T09:28:08+00:00\" \/>\n<meta property=\"og:image\" content=\"http:\/\/noropal.es\/wp-content\/uploads\/2024\/07\/pegamento-seiko-s-314-uv.jpg\" \/>\n\t<meta property=\"og:image:width\" content=\"466\" \/>\n\t<meta property=\"og:image:height\" content=\"1578\" \/>\n\t<meta property=\"og:image:type\" content=\"image\/jpeg\" \/>\n<meta name=\"twitter:card\" content=\"summary_large_image\" \/>\n<script type=\"application\/ld+json\" class=\"yoast-schema-graph\">{\"@context\":\"https:\/\/schema.org\",\"@graph\":[{\"@type\":\"WebPage\",\"@id\":\"https:\/\/noropal.es\/home\/producto\/pegamento-seiko-s-314-uv\/\",\"url\":\"https:\/\/noropal.es\/home\/producto\/pegamento-seiko-s-314-uv\/\",\"name\":\"Pegamento Seiko S-314 (Uv) - Noropal\",\"isPartOf\":{\"@id\":\"https:\/\/noropal.es\/home\/#website\"},\"primaryImageOfPage\":{\"@id\":\"https:\/\/noropal.es\/home\/producto\/pegamento-seiko-s-314-uv\/#primaryimage\"},\"image\":{\"@id\":\"https:\/\/noropal.es\/home\/producto\/pegamento-seiko-s-314-uv\/#primaryimage\"},\"thumbnailUrl\":\"https:\/\/noropal.es\/wp-content\/uploads\/2024\/07\/pegamento-seiko-s-314-uv.jpg\",\"datePublished\":\"2024-09-26T07:33:01+00:00\",\"dateModified\":\"2025-10-09T09:28:08+00:00\",\"breadcrumb\":{\"@id\":\"https:\/\/noropal.es\/home\/producto\/pegamento-seiko-s-314-uv\/#breadcrumb\"},\"inLanguage\":\"es\",\"potentialAction\":[{\"@type\":\"ReadAction\",\"target\":[\"https:\/\/noropal.es\/home\/producto\/pegamento-seiko-s-314-uv\/\"]}]},{\"@type\":\"ImageObject\",\"inLanguage\":\"es\",\"@id\":\"https:\/\/noropal.es\/home\/producto\/pegamento-seiko-s-314-uv\/#primaryimage\",\"url\":\"https:\/\/noropal.es\/wp-content\/uploads\/2024\/07\/pegamento-seiko-s-314-uv.jpg\",\"contentUrl\":\"https:\/\/noropal.es\/wp-content\/uploads\/2024\/07\/pegamento-seiko-s-314-uv.jpg\",\"width\":466,\"height\":1578},{\"@type\":\"BreadcrumbList\",\"@id\":\"https:\/\/noropal.es\/home\/producto\/pegamento-seiko-s-314-uv\/#breadcrumb\",\"itemListElement\":[{\"@type\":\"ListItem\",\"position\":1,\"name\":\"Portada\",\"item\":\"https:\/\/noropal.es\/home\/\"},{\"@type\":\"ListItem\",\"position\":2,\"name\":\"Productos\",\"item\":\"https:\/\/noropal.es\/home\/?post_type=product\"},{\"@type\":\"ListItem\",\"position\":3,\"name\":\"Pegamento Seiko S-314 (Uv)\"}]},{\"@type\":\"WebSite\",\"@id\":\"https:\/\/noropal.es\/home\/#website\",\"url\":\"https:\/\/noropal.es\/home\/\",\"name\":\"Noropal\",\"description\":\"Descubre accesorios y recambios de alta calidad para relojes en Palencia. Atendemos a joyer\u00edas y clientes individuales, con env\u00edo r\u00e1pido.\",\"publisher\":{\"@id\":\"https:\/\/noropal.es\/home\/#organization\"},\"potentialAction\":[{\"@type\":\"SearchAction\",\"target\":{\"@type\":\"EntryPoint\",\"urlTemplate\":\"https:\/\/noropal.es\/home\/?s={search_term_string}\"},\"query-input\":{\"@type\":\"PropertyValueSpecification\",\"valueRequired\":true,\"valueName\":\"search_term_string\"}}],\"inLanguage\":\"es\"},{\"@type\":\"Organization\",\"@id\":\"https:\/\/noropal.es\/home\/#organization\",\"name\":\"Noropal\",\"url\":\"https:\/\/noropal.es\/home\/\",\"logo\":{\"@type\":\"ImageObject\",\"inLanguage\":\"es\",\"@id\":\"https:\/\/noropal.es\/home\/#\/schema\/logo\/image\/\",\"url\":\"https:\/\/noropal.es\/wp-content\/uploads\/2024\/07\/Noropal-removebg-preview-e1721900256892.png\",\"contentUrl\":\"https:\/\/noropal.es\/wp-content\/uploads\/2024\/07\/Noropal-removebg-preview-e1721900256892.png\",\"width\":500,\"height\":71,\"caption\":\"Noropal\"},\"image\":{\"@id\":\"https:\/\/noropal.es\/home\/#\/schema\/logo\/image\/\"}}]}<\/script>\n<!-- \/ Yoast SEO plugin. -->","yoast_head_json":{"title":"Pegamento Seiko S-314 (Uv) - Noropal","robots":{"index":"index","follow":"follow","max-snippet":"max-snippet:-1","max-image-preview":"max-image-preview:large","max-video-preview":"max-video-preview:-1"},"canonical":"https:\/\/noropal.es\/home\/producto\/pegamento-seiko-s-314-uv\/","og_locale":"es_ES","og_type":"article","og_title":"Pegamento Seiko S-314 (Uv) - Noropal","og_description":"Para unir vidrio y metal. Pegamento transparente para usar con luz ultravioleta con l\u00e1mpara de polimerizaci\u00f3n.","og_url":"https:\/\/noropal.es\/home\/producto\/pegamento-seiko-s-314-uv\/","og_site_name":"Noropal","article_modified_time":"2025-10-09T09:28:08+00:00","og_image":[{"width":466,"height":1578,"url":"http:\/\/noropal.es\/wp-content\/uploads\/2024\/07\/pegamento-seiko-s-314-uv.jpg","type":"image\/jpeg"}],"twitter_card":"summary_large_image","schema":{"@context":"https:\/\/schema.org","@graph":[{"@type":"WebPage","@id":"https:\/\/noropal.es\/home\/producto\/pegamento-seiko-s-314-uv\/","url":"https:\/\/noropal.es\/home\/producto\/pegamento-seiko-s-314-uv\/","name":"Pegamento Seiko S-314 (Uv) - Noropal","isPartOf":{"@id":"https:\/\/noropal.es\/home\/#website"},"primaryImageOfPage":{"@id":"https:\/\/noropal.es\/home\/producto\/pegamento-seiko-s-314-uv\/#primaryimage"},"image":{"@id":"https:\/\/noropal.es\/home\/producto\/pegamento-seiko-s-314-uv\/#primaryimage"},"thumbnailUrl":"https:\/\/noropal.es\/wp-content\/uploads\/2024\/07\/pegamento-seiko-s-314-uv.jpg","datePublished":"2024-09-26T07:33:01+00:00","dateModified":"2025-10-09T09:28:08+00:00","breadcrumb":{"@id":"https:\/\/noropal.es\/home\/producto\/pegamento-seiko-s-314-uv\/#breadcrumb"},"inLanguage":"es","potentialAction":[{"@type":"ReadAction","target":["https:\/\/noropal.es\/home\/producto\/pegamento-seiko-s-314-uv\/"]}]},{"@type":"ImageObject","inLanguage":"es","@id":"https:\/\/noropal.es\/home\/producto\/pegamento-seiko-s-314-uv\/#primaryimage","url":"https:\/\/noropal.es\/wp-content\/uploads\/2024\/07\/pegamento-seiko-s-314-uv.jpg","contentUrl":"https:\/\/noropal.es\/wp-content\/uploads\/2024\/07\/pegamento-seiko-s-314-uv.jpg","width":466,"height":1578},{"@type":"BreadcrumbList","@id":"https:\/\/noropal.es\/home\/producto\/pegamento-seiko-s-314-uv\/#breadcrumb","itemListElement":[{"@type":"ListItem","position":1,"name":"Portada","item":"https:\/\/noropal.es\/home\/"},{"@type":"ListItem","position":2,"name":"Productos","item":"https:\/\/noropal.es\/home\/?post_type=product"},{"@type":"ListItem","position":3,"name":"Pegamento Seiko S-314 (Uv)"}]},{"@type":"WebSite","@id":"https:\/\/noropal.es\/home\/#website","url":"https:\/\/noropal.es\/home\/","name":"Noropal","description":"Descubre accesorios y recambios de alta calidad para relojes en Palencia. Atendemos a joyer\u00edas y clientes individuales, con env\u00edo r\u00e1pido.","publisher":{"@id":"https:\/\/noropal.es\/home\/#organization"},"potentialAction":[{"@type":"SearchAction","target":{"@type":"EntryPoint","urlTemplate":"https:\/\/noropal.es\/home\/?s={search_term_string}"},"query-input":{"@type":"PropertyValueSpecification","valueRequired":true,"valueName":"search_term_string"}}],"inLanguage":"es"},{"@type":"Organization","@id":"https:\/\/noropal.es\/home\/#organization","name":"Noropal","url":"https:\/\/noropal.es\/home\/","logo":{"@type":"ImageObject","inLanguage":"es","@id":"https:\/\/noropal.es\/home\/#\/schema\/logo\/image\/","url":"https:\/\/noropal.es\/wp-content\/uploads\/2024\/07\/Noropal-removebg-preview-e1721900256892.png","contentUrl":"https:\/\/noropal.es\/wp-content\/uploads\/2024\/07\/Noropal-removebg-preview-e1721900256892.png","width":500,"height":71,"caption":"Noropal"},"image":{"@id":"https:\/\/noropal.es\/home\/#\/schema\/logo\/image\/"}}]}},"tiered_pricing_type":"fixed","tiered_pricing_fixed_rules":[],"tiered_pricing_product_settings":{"layout":"default","base_unit_name":{"singular":null,"plural":null},"default_variation":null},"tiered_pricing_minimum_quantity":null,"tiered_pricing_roles_data":{"profesional":{"product_id":6738,"role":"profesional","pricing_type":"flat","regular_price":26.1,"sale_price":null,"discount":null,"discount_type":"sale_price","tiered_pricing_type":"fixed","percentage_rules":[],"fixed_rules":[],"minimum":null},"mayorista":{"product_id":6738,"role":"mayorista","pricing_type":"flat","regular_price":22.95,"sale_price":null,"discount":null,"discount_type":"sale_price","tiered_pricing_type":"fixed","percentage_rules":[],"fixed_rules":[],"minimum":null}},"tiered_pricing_percentage_rules":[],"tiered_pricing_maximum_quantity":null,"tiered_pricing_quantity_step":null,"_links":{"self":[{"href":"https:\/\/noropal.es\/home\/wp-json\/wp\/v2\/product\/6738","targetHints":{"allow":["GET"]}}],"collection":[{"href":"https:\/\/noropal.es\/home\/wp-json\/wp\/v2\/product"}],"about":[{"href":"https:\/\/noropal.es\/home\/wp-json\/wp\/v2\/types\/product"}],"wp:featuredmedia":[{"embeddable":true,"href":"https:\/\/noropal.es\/home\/wp-json\/wp\/v2\/media\/6739"}],"wp:attachment":[{"href":"https:\/\/noropal.es\/home\/wp-json\/wp\/v2\/media?parent=6738"}],"wp:term":[{"taxonomy":"product_brand","embeddable":true,"href":"https:\/\/noropal.es\/home\/wp-json\/wp\/v2\/product_brand?post=6738"},{"taxonomy":"product_cat","embeddable":true,"href":"https:\/\/noropal.es\/home\/wp-json\/wp\/v2\/product_cat?post=6738"},{"taxonomy":"product_tag","embeddable":true,"href":"https:\/\/noropal.es\/home\/wp-json\/wp\/v2\/product_tag?post=6738"}],"curies":[{"name":"wp","href":"https:\/\/api.w.org\/{rel}","templated":true}]}}