{"id":8187,"date":"2024-09-26T06:24:23","date_gmt":"2024-09-26T06:24:23","guid":{"rendered":"http:\/\/tienda.noropal.es\/home\/producto\/caja-60-pilas-audifono-n%c2%ac%e2%88%ab-10-amarillo-rayovac\/"},"modified":"2025-12-09T19:29:44","modified_gmt":"2025-12-09T19:29:44","slug":"caja-60-pilas-audifono-n%c2%ac%e2%88%ab-10-amarillo-rayovac","status":"publish","type":"product","link":"https:\/\/noropal.es\/home\/producto\/caja-60-pilas-audifono-n%c2%ac%e2%88%ab-10-amarillo-rayovac\/","title":{"rendered":"Caja 60 Pilas Audifono N &#8211; 10 (Amarillo) Rayovac"},"content":{"rendered":"<p>Caja de 60 pilas Rayovac n\u00ba10 amarillas.<\/p>\n<p>Contiene 10 blisters de 6 unidades.<\/p>\n<p>&nbsp;<\/p>\n","protected":false},"excerpt":{"rendered":"<p>Caja de 60 pilas Rayovac n\u00ba10 amarillas. Contiene 10 blisters de 6 unidades. &nbsp;<\/p>\n","protected":false},"featured_media":8188,"template":"","meta":[],"product_brand":[],"product_cat":[29,169],"product_tag":[182],"class_list":{"0":"post-8187","1":"product","2":"type-product","3":"status-publish","4":"has-post-thumbnail","6":"product_cat-pilas","7":"product_cat-pilas-para-audifonos","8":"product_tag-cliente","9":"tag-cliente","11":"first","12":"instock","13":"taxable","14":"shipping-taxable","15":"purchasable","16":"product-type-simple"},"yoast_head":"<!-- This site is optimized with the Yoast SEO plugin v25.6 - https:\/\/yoast.com\/wordpress\/plugins\/seo\/ -->\n<title>Caja 60 Pilas Audifono N - 10 (Amarillo) Rayovac - Noropal<\/title>\n<meta name=\"robots\" content=\"index, follow, max-snippet:-1, max-image-preview:large, max-video-preview:-1\" \/>\n<link rel=\"canonical\" href=\"https:\/\/noropal.es\/home\/producto\/caja-60-pilas-audifono-n\u00ac\u222b-10-amarillo-rayovac\/\" \/>\n<meta property=\"og:locale\" content=\"es_ES\" \/>\n<meta property=\"og:type\" content=\"article\" \/>\n<meta property=\"og:title\" content=\"Caja 60 Pilas Audifono N - 10 (Amarillo) Rayovac - Noropal\" \/>\n<meta property=\"og:description\" content=\"Caja de 60 pilas Rayovac n\u00ba10 amarillas. Contiene 10 blisters de 6 unidades. &nbsp;\" \/>\n<meta property=\"og:url\" content=\"https:\/\/noropal.es\/home\/producto\/caja-60-pilas-audifono-n\u00ac\u222b-10-amarillo-rayovac\/\" \/>\n<meta property=\"og:site_name\" content=\"Noropal\" \/>\n<meta property=\"article:modified_time\" content=\"2025-12-09T19:29:44+00:00\" \/>\n<meta property=\"og:image\" content=\"http:\/\/noropal.es\/wp-content\/uploads\/2024\/07\/pilas-audifono-n-10-amarillo.jpg\" \/>\n\t<meta property=\"og:image:width\" content=\"293\" \/>\n\t<meta property=\"og:image:height\" content=\"250\" \/>\n\t<meta property=\"og:image:type\" content=\"image\/jpeg\" \/>\n<meta name=\"twitter:card\" content=\"summary_large_image\" \/>\n<meta name=\"twitter:label1\" content=\"Tiempo de lectura\" \/>\n\t<meta name=\"twitter:data1\" content=\"1 minuto\" \/>\n<script type=\"application\/ld+json\" class=\"yoast-schema-graph\">{\"@context\":\"https:\/\/schema.org\",\"@graph\":[{\"@type\":\"WebPage\",\"@id\":\"https:\/\/noropal.es\/home\/producto\/caja-60-pilas-audifono-n%c2%ac%e2%88%ab-10-amarillo-rayovac\/\",\"url\":\"https:\/\/noropal.es\/home\/producto\/caja-60-pilas-audifono-n%c2%ac%e2%88%ab-10-amarillo-rayovac\/\",\"name\":\"Caja 60 Pilas Audifono N - 10 (Amarillo) Rayovac - Noropal\",\"isPartOf\":{\"@id\":\"https:\/\/noropal.es\/home\/#website\"},\"primaryImageOfPage\":{\"@id\":\"https:\/\/noropal.es\/home\/producto\/caja-60-pilas-audifono-n%c2%ac%e2%88%ab-10-amarillo-rayovac\/#primaryimage\"},\"image\":{\"@id\":\"https:\/\/noropal.es\/home\/producto\/caja-60-pilas-audifono-n%c2%ac%e2%88%ab-10-amarillo-rayovac\/#primaryimage\"},\"thumbnailUrl\":\"https:\/\/noropal.es\/wp-content\/uploads\/2024\/07\/pilas-audifono-n-10-amarillo.jpg\",\"datePublished\":\"2024-09-26T06:24:23+00:00\",\"dateModified\":\"2025-12-09T19:29:44+00:00\",\"breadcrumb\":{\"@id\":\"https:\/\/noropal.es\/home\/producto\/caja-60-pilas-audifono-n%c2%ac%e2%88%ab-10-amarillo-rayovac\/#breadcrumb\"},\"inLanguage\":\"es\",\"potentialAction\":[{\"@type\":\"ReadAction\",\"target\":[\"https:\/\/noropal.es\/home\/producto\/caja-60-pilas-audifono-n%c2%ac%e2%88%ab-10-amarillo-rayovac\/\"]}]},{\"@type\":\"ImageObject\",\"inLanguage\":\"es\",\"@id\":\"https:\/\/noropal.es\/home\/producto\/caja-60-pilas-audifono-n%c2%ac%e2%88%ab-10-amarillo-rayovac\/#primaryimage\",\"url\":\"https:\/\/noropal.es\/wp-content\/uploads\/2024\/07\/pilas-audifono-n-10-amarillo.jpg\",\"contentUrl\":\"https:\/\/noropal.es\/wp-content\/uploads\/2024\/07\/pilas-audifono-n-10-amarillo.jpg\",\"width\":293,\"height\":250},{\"@type\":\"BreadcrumbList\",\"@id\":\"https:\/\/noropal.es\/home\/producto\/caja-60-pilas-audifono-n%c2%ac%e2%88%ab-10-amarillo-rayovac\/#breadcrumb\",\"itemListElement\":[{\"@type\":\"ListItem\",\"position\":1,\"name\":\"Portada\",\"item\":\"https:\/\/noropal.es\/home\/\"},{\"@type\":\"ListItem\",\"position\":2,\"name\":\"Productos\",\"item\":\"https:\/\/noropal.es\/home\/?post_type=product\"},{\"@type\":\"ListItem\",\"position\":3,\"name\":\"Caja 60 Pilas Audifono N &#8211; 10 (Amarillo) Rayovac\"}]},{\"@type\":\"WebSite\",\"@id\":\"https:\/\/noropal.es\/home\/#website\",\"url\":\"https:\/\/noropal.es\/home\/\",\"name\":\"Noropal\",\"description\":\"Descubre accesorios y recambios de alta calidad para relojes en Palencia. Atendemos a joyer\u00edas y clientes individuales, con env\u00edo r\u00e1pido.\",\"publisher\":{\"@id\":\"https:\/\/noropal.es\/home\/#organization\"},\"potentialAction\":[{\"@type\":\"SearchAction\",\"target\":{\"@type\":\"EntryPoint\",\"urlTemplate\":\"https:\/\/noropal.es\/home\/?s={search_term_string}\"},\"query-input\":{\"@type\":\"PropertyValueSpecification\",\"valueRequired\":true,\"valueName\":\"search_term_string\"}}],\"inLanguage\":\"es\"},{\"@type\":\"Organization\",\"@id\":\"https:\/\/noropal.es\/home\/#organization\",\"name\":\"Noropal\",\"url\":\"https:\/\/noropal.es\/home\/\",\"logo\":{\"@type\":\"ImageObject\",\"inLanguage\":\"es\",\"@id\":\"https:\/\/noropal.es\/home\/#\/schema\/logo\/image\/\",\"url\":\"https:\/\/noropal.es\/wp-content\/uploads\/2024\/07\/Noropal-removebg-preview-e1721900256892.png\",\"contentUrl\":\"https:\/\/noropal.es\/wp-content\/uploads\/2024\/07\/Noropal-removebg-preview-e1721900256892.png\",\"width\":500,\"height\":71,\"caption\":\"Noropal\"},\"image\":{\"@id\":\"https:\/\/noropal.es\/home\/#\/schema\/logo\/image\/\"}}]}<\/script>\n<!-- \/ Yoast SEO plugin. -->","yoast_head_json":{"title":"Caja 60 Pilas Audifono N - 10 (Amarillo) Rayovac - Noropal","robots":{"index":"index","follow":"follow","max-snippet":"max-snippet:-1","max-image-preview":"max-image-preview:large","max-video-preview":"max-video-preview:-1"},"canonical":"https:\/\/noropal.es\/home\/producto\/caja-60-pilas-audifono-n\u00ac\u222b-10-amarillo-rayovac\/","og_locale":"es_ES","og_type":"article","og_title":"Caja 60 Pilas Audifono N - 10 (Amarillo) Rayovac - Noropal","og_description":"Caja de 60 pilas Rayovac n\u00ba10 amarillas. Contiene 10 blisters de 6 unidades. &nbsp;","og_url":"https:\/\/noropal.es\/home\/producto\/caja-60-pilas-audifono-n\u00ac\u222b-10-amarillo-rayovac\/","og_site_name":"Noropal","article_modified_time":"2025-12-09T19:29:44+00:00","og_image":[{"width":293,"height":250,"url":"http:\/\/noropal.es\/wp-content\/uploads\/2024\/07\/pilas-audifono-n-10-amarillo.jpg","type":"image\/jpeg"}],"twitter_card":"summary_large_image","twitter_misc":{"Tiempo de lectura":"1 minuto"},"schema":{"@context":"https:\/\/schema.org","@graph":[{"@type":"WebPage","@id":"https:\/\/noropal.es\/home\/producto\/caja-60-pilas-audifono-n%c2%ac%e2%88%ab-10-amarillo-rayovac\/","url":"https:\/\/noropal.es\/home\/producto\/caja-60-pilas-audifono-n%c2%ac%e2%88%ab-10-amarillo-rayovac\/","name":"Caja 60 Pilas Audifono N - 10 (Amarillo) Rayovac - Noropal","isPartOf":{"@id":"https:\/\/noropal.es\/home\/#website"},"primaryImageOfPage":{"@id":"https:\/\/noropal.es\/home\/producto\/caja-60-pilas-audifono-n%c2%ac%e2%88%ab-10-amarillo-rayovac\/#primaryimage"},"image":{"@id":"https:\/\/noropal.es\/home\/producto\/caja-60-pilas-audifono-n%c2%ac%e2%88%ab-10-amarillo-rayovac\/#primaryimage"},"thumbnailUrl":"https:\/\/noropal.es\/wp-content\/uploads\/2024\/07\/pilas-audifono-n-10-amarillo.jpg","datePublished":"2024-09-26T06:24:23+00:00","dateModified":"2025-12-09T19:29:44+00:00","breadcrumb":{"@id":"https:\/\/noropal.es\/home\/producto\/caja-60-pilas-audifono-n%c2%ac%e2%88%ab-10-amarillo-rayovac\/#breadcrumb"},"inLanguage":"es","potentialAction":[{"@type":"ReadAction","target":["https:\/\/noropal.es\/home\/producto\/caja-60-pilas-audifono-n%c2%ac%e2%88%ab-10-amarillo-rayovac\/"]}]},{"@type":"ImageObject","inLanguage":"es","@id":"https:\/\/noropal.es\/home\/producto\/caja-60-pilas-audifono-n%c2%ac%e2%88%ab-10-amarillo-rayovac\/#primaryimage","url":"https:\/\/noropal.es\/wp-content\/uploads\/2024\/07\/pilas-audifono-n-10-amarillo.jpg","contentUrl":"https:\/\/noropal.es\/wp-content\/uploads\/2024\/07\/pilas-audifono-n-10-amarillo.jpg","width":293,"height":250},{"@type":"BreadcrumbList","@id":"https:\/\/noropal.es\/home\/producto\/caja-60-pilas-audifono-n%c2%ac%e2%88%ab-10-amarillo-rayovac\/#breadcrumb","itemListElement":[{"@type":"ListItem","position":1,"name":"Portada","item":"https:\/\/noropal.es\/home\/"},{"@type":"ListItem","position":2,"name":"Productos","item":"https:\/\/noropal.es\/home\/?post_type=product"},{"@type":"ListItem","position":3,"name":"Caja 60 Pilas Audifono N &#8211; 10 (Amarillo) Rayovac"}]},{"@type":"WebSite","@id":"https:\/\/noropal.es\/home\/#website","url":"https:\/\/noropal.es\/home\/","name":"Noropal","description":"Descubre accesorios y recambios de alta calidad para relojes en Palencia. Atendemos a joyer\u00edas y clientes individuales, con env\u00edo r\u00e1pido.","publisher":{"@id":"https:\/\/noropal.es\/home\/#organization"},"potentialAction":[{"@type":"SearchAction","target":{"@type":"EntryPoint","urlTemplate":"https:\/\/noropal.es\/home\/?s={search_term_string}"},"query-input":{"@type":"PropertyValueSpecification","valueRequired":true,"valueName":"search_term_string"}}],"inLanguage":"es"},{"@type":"Organization","@id":"https:\/\/noropal.es\/home\/#organization","name":"Noropal","url":"https:\/\/noropal.es\/home\/","logo":{"@type":"ImageObject","inLanguage":"es","@id":"https:\/\/noropal.es\/home\/#\/schema\/logo\/image\/","url":"https:\/\/noropal.es\/wp-content\/uploads\/2024\/07\/Noropal-removebg-preview-e1721900256892.png","contentUrl":"https:\/\/noropal.es\/wp-content\/uploads\/2024\/07\/Noropal-removebg-preview-e1721900256892.png","width":500,"height":71,"caption":"Noropal"},"image":{"@id":"https:\/\/noropal.es\/home\/#\/schema\/logo\/image\/"}}]}},"tiered_pricing_type":"fixed","tiered_pricing_fixed_rules":{"2":"14.46"},"tiered_pricing_product_settings":{"layout":"default","base_unit_name":{"singular":null,"plural":null},"default_variation":null},"tiered_pricing_minimum_quantity":null,"tiered_pricing_roles_data":{"profesional":{"product_id":8187,"role":"profesional","pricing_type":"flat","regular_price":16.53,"sale_price":15.5,"discount":null,"discount_type":"sale_price","tiered_pricing_type":"fixed","percentage_rules":[],"fixed_rules":[],"minimum":null},"mayorista":{"product_id":8187,"role":"mayorista","pricing_type":"flat","regular_price":16.53,"sale_price":14.5,"discount":null,"discount_type":"sale_price","tiered_pricing_type":"fixed","percentage_rules":[],"fixed_rules":[],"minimum":null}},"tiered_pricing_percentage_rules":[],"tiered_pricing_maximum_quantity":null,"tiered_pricing_quantity_step":null,"_links":{"self":[{"href":"https:\/\/noropal.es\/home\/wp-json\/wp\/v2\/product\/8187","targetHints":{"allow":["GET"]}}],"collection":[{"href":"https:\/\/noropal.es\/home\/wp-json\/wp\/v2\/product"}],"about":[{"href":"https:\/\/noropal.es\/home\/wp-json\/wp\/v2\/types\/product"}],"wp:featuredmedia":[{"embeddable":true,"href":"https:\/\/noropal.es\/home\/wp-json\/wp\/v2\/media\/8188"}],"wp:attachment":[{"href":"https:\/\/noropal.es\/home\/wp-json\/wp\/v2\/media?parent=8187"}],"wp:term":[{"taxonomy":"product_brand","embeddable":true,"href":"https:\/\/noropal.es\/home\/wp-json\/wp\/v2\/product_brand?post=8187"},{"taxonomy":"product_cat","embeddable":true,"href":"https:\/\/noropal.es\/home\/wp-json\/wp\/v2\/product_cat?post=8187"},{"taxonomy":"product_tag","embeddable":true,"href":"https:\/\/noropal.es\/home\/wp-json\/wp\/v2\/product_tag?post=8187"}],"curies":[{"name":"wp","href":"https:\/\/api.w.org\/{rel}","templated":true}]}}